{"id":3292,"date":"2022-07-21T17:06:20","date_gmt":"2022-07-21T17:06:20","guid":{"rendered":"http:\/\/desertwatch.org\/excursion-campo\/"},"modified":"2023-02-01T12:20:15","modified_gmt":"2023-02-01T12:20:15","slug":"excursion-campo","status":"publish","type":"page","link":"https:\/\/desertwatch.org\/es\/excursion-campo\/","title":{"rendered":"Excurs\u00edon de Campo"},"content":{"rendered":"<p>[et_pb_section fb_built=\u00bb1&#8243; _builder_version=\u00bb4.17.6&#8243; _module_preset=\u00bbdefault\u00bb background_enable_color=\u00bboff\u00bb background_image=\u00bbhttps:\/\/desertwatch.org\/wp-content\/uploads\/2022\/07\/header-title-bird.jpg\u00bb background_size=\u00bbinitial\u00bb background_position=\u00bbcenter_left\u00bb background_last_edited=\u00bbon|desktop\u00bb background_size_tablet=\u00bbcontain\u00bb background_size_phone=\u00bbcontain\u00bb global_colors_info=\u00bb{}\u00bb][et_pb_row _builder_version=\u00bb4.18.0&#8243; _module_preset=\u00bbdefault\u00bb locked=\u00bboff\u00bb global_colors_info=\u00bb{}\u00bb][et_pb_column type=\u00bb4_4&#8243; _builder_version=\u00bb4.18.0&#8243; _module_preset=\u00bbdefault\u00bb global_colors_info=\u00bb{}\u00bb][\/et_pb_column][\/et_pb_row][et_pb_row column_structure=\u00bb1_2,1_2&#8243; _builder_version=\u00bb4.17.6&#8243; _module_preset=\u00bbdefault\u00bb background_enable_image=\u00bboff\u00bb global_colors_info=\u00bb{}\u00bb][et_pb_column type=\u00bb1_2&#8243; _builder_version=\u00bb4.17.6&#8243; _module_preset=\u00bbdefault\u00bb global_colors_info=\u00bb{}\u00bb][\/et_pb_column][et_pb_column type=\u00bb1_2&#8243; _builder_version=\u00bb4.17.6&#8243; _module_preset=\u00bbdefault\u00bb global_colors_info=\u00bb{}\u00bb][et_pb_divider show_divider=\u00bboff\u00bb _builder_version=\u00bb4.17.6&#8243; _module_preset=\u00bbdefault\u00bb height=\u00bb200px\u00bb height_tablet=\u00bb0px\u00bb height_phone=\u00bb0px\u00bb height_last_edited=\u00bbon|desktop\u00bb global_colors_info=\u00bb{}\u00bb][\/et_pb_divider][et_pb_text _builder_version=\u00bb4.17.6&#8243; _module_preset=\u00bbdefault\u00bb header_text_align=\u00bbleft\u00bb custom_margin=\u00bb0px||0px||false|false\u00bb custom_margin_tablet=\u00bb41px||||false|false\u00bb custom_margin_phone=\u00bb0px||-9vh||false|false\u00bb custom_margin_last_edited=\u00bbon|desktop\u00bb custom_padding=\u00bb0px||0px||false|false\u00bb custom_padding_tablet=\u00bb|||50px|false|false\u00bb custom_padding_phone=\u00bb|||30px|false|false\u00bb custom_padding_last_edited=\u00bbon|desktop\u00bb header_text_align_tablet=\u00bbleft\u00bb header_text_align_phone=\u00bbright\u00bb header_text_align_last_edited=\u00bbon|phone\u00bb header_font_size_tablet=\u00bb\u00bb header_font_size_phone=\u00bb24px\u00bb header_font_size_last_edited=\u00bbon|phone\u00bb global_colors_info=\u00bb{}\u00bb]<\/p>\n<h1>Para todas las edades en grupos reducidos<\/h1>\n<p>[\/et_pb_text][\/et_pb_column][\/et_pb_row][\/et_pb_section][et_pb_section fb_built=\u00bb1&#8243; _builder_version=\u00bb4.17.6&#8243; _module_preset=\u00bbdefault\u00bb background_color=\u00bb#FFF5E7&#8243; global_colors_info=\u00bb{}\u00bb][et_pb_row _builder_version=\u00bb4.17.6&#8243; _module_preset=\u00bbdefault\u00bb custom_padding=\u00bb||||false|false\u00bb global_colors_info=\u00bb{}\u00bb][et_pb_column type=\u00bb4_4&#8243; _builder_version=\u00bb4.17.6&#8243; _module_preset=\u00bbdefault\u00bb global_colors_info=\u00bb{}\u00bb][et_pb_text _builder_version=\u00bb4.17.6&#8243; _module_preset=\u00bbdefault\u00bb text_font=\u00bbMontserrat||||||||\u00bb text_text_color=\u00bb#432918&#8243; text_font_size=\u00bb16px\u00bb header_font=\u00bbMontserrat|800|||||||\u00bb header_text_color=\u00bb#D0B82B\u00bb header_font_size=\u00bb36px\u00bb header_2_font=\u00bbMontserrat||||||||\u00bb header_2_text_color=\u00bb#D0B82B\u00bb header_2_font_size=\u00bb21px\u00bb header_3_font=\u00bbMontserrat|800|||||||\u00bb header_3_text_color=\u00bb#384D24&#8243; header_4_font=\u00bbMontserrat||||||||\u00bb global_colors_info=\u00bb{}\u00bb]<\/p>\n<h1>Una primavera para conocer El Jable<\/h1>\n<p>El Jable es uno de los lugares naturales m\u00e1s importantes de la isla.<br \/>\u00a1Te invitamos a descubrir sus tesoros! En una ma\u00f1ana te explicamos su origen, ver\u00e1s sus aves, entender\u00e1s las delicadas conexiones dentro del ecosistema.<\/p>\n<h3>\u00a0<\/h3>\n<h3>Fechas de las salidas disponibles los s\u00e1bados desde el 1 de feb al 31 de mayo<\/h3>\n<h4>(consulta la disponibilidad por email &#8211; <a href=\"mailto:info@desertwatch.org\">info@desertwatch.org<\/a>).<\/h4>\n<h3>Horario 9:00 \u2013 12:00.<\/h3>\n<h2>N\u00edvel de dificultad: f\u00e1cil.<\/h2>\n<p>[\/et_pb_text][\/et_pb_column][\/et_pb_row][et_pb_row column_structure=\u00bb1_2,1_2&#8243; _builder_version=\u00bb4.17.6&#8243; _module_preset=\u00bbdefault\u00bb global_colors_info=\u00bb{}\u00bb][et_pb_column type=\u00bb1_2&#8243; _builder_version=\u00bb4.17.6&#8243; _module_preset=\u00bbdefault\u00bb global_colors_info=\u00bb{}\u00bb][et_pb_text _builder_version=\u00bb4.17.6&#8243; _module_preset=\u00bbdefault\u00bb header_font=\u00bbMontserrat|900||on|||||\u00bb header_text_color=\u00bb#D0B82B\u00bb header_3_font=\u00bbMontserrat||||||||\u00bb header_3_font_size=\u00bb18px\u00bb custom_margin=\u00bb||2px|||\u00bb global_colors_info=\u00bb{}\u00bb]<\/p>\n<h3>Por favor, descargue el formulario de autorizaci\u00f3n y compl\u00e9telo. Luego adjunte su Autorizaci\u00f3n de cesi\u00f3n de derecho de imagen al Formulario de inscripci\u00f3n.<\/h3>\n<p>&nbsp;<\/p>\n<h1>Autorizaci\u00f3n<\/h1>\n<p>[\/et_pb_text][et_pb_image src=\u00bbhttps:\/\/desertwatch.org\/wp-content\/uploads\/2022\/07\/volunteer-form-ES-thumb.jpg\u00bb title_text=\u00bbvolunteer-form-ES-thumb\u00bb url=\u00bbhttps:\/\/desertwatch.org\/wp-content\/uploads\/2022\/07\/Excursion-Campo-FICHA_autorizacion_ES.pdf\u00bb url_new_window=\u00bbon\u00bb _builder_version=\u00bb4.17.6&#8243; _module_preset=\u00bbdefault\u00bb width=\u00bb58%\u00bb width_tablet=\u00bb58%\u00bb width_phone=\u00bb58%\u00bb width_last_edited=\u00bbon|desktop\u00bb global_colors_info=\u00bb{}\u00bb][\/et_pb_image][et_pb_button button_url=\u00bbhttps:\/\/desertwatch.org\/wp-content\/uploads\/2022\/07\/Excursion-Campo-FICHA_autorizacion_ES.pdf\u00bb url_new_window=\u00bbon\u00bb button_text=\u00bbClic para descargar el autorizaci\u00f3n\u00bb _builder_version=\u00bb4.17.6&#8243; _module_preset=\u00bbdefault\u00bb custom_button=\u00bbon\u00bb button_text_color=\u00bb#FFF5E7&#8243; button_bg_color=\u00bb#D0B82B\u00bb button_font=\u00bbMontserrat|600|||||||\u00bb button_icon=\u00bb&#xe004;||divi||400&#8243; global_colors_info=\u00bb{}\u00bb][\/et_pb_button][\/et_pb_column][et_pb_column type=\u00bb1_2&#8243; _builder_version=\u00bb4.17.6&#8243; _module_preset=\u00bbdefault\u00bb global_colors_info=\u00bb{}\u00bb][et_pb_text _builder_version=\u00bb4.17.6&#8243; _module_preset=\u00bbdefault\u00bb header_font=\u00bbMontserrat|900||on|||||\u00bb header_text_color=\u00bb#D0B82B\u00bb header_3_font=\u00bbMontserrat||||||||\u00bb header_3_font_size=\u00bb18px\u00bb custom_margin=\u00bb||29px|||\u00bb global_colors_info=\u00bb{}\u00bb]<\/p>\n<h3>Por favor, rellene el formulario para solicitar su plaza en nuestra excursi\u00f3n de campo. Cargue su Autorizaci\u00f3n de cesi\u00f3n de derecho de imagen.<\/h3>\n<p>&nbsp;<\/p>\n<h1>Excursi\u00f3n de Campo formulario de inscripci\u00f3n<\/h1>\n<p>[\/et_pb_text][et_pb_code _builder_version=\u00bb4.17.6&#8243; _module_preset=\u00bbdefault\u00bb custom_margin=\u00bb-36px|||||\u00bb custom_padding=\u00bb3px|||||\u00bb global_colors_info=\u00bb{}\u00bb]\n<div class=\"wpcf7 no-js\" id=\"wpcf7-f3260-o1\" lang=\"en-US\" dir=\"ltr\" data-wpcf7-id=\"3260\">\n<div class=\"screen-reader-response\"><p role=\"status\" aria-live=\"polite\" aria-atomic=\"true\"><\/p> <ul><\/ul><\/div>\n<form action=\"\/es\/wp-json\/wp\/v2\/pages\/3292#wpcf7-f3260-o1\" method=\"post\" class=\"wpcf7-form init\" aria-label=\"Contact form\" enctype=\"multipart\/form-data\" novalidate=\"novalidate\" data-status=\"init\">\n<fieldset class=\"hidden-fields-container\"><input type=\"hidden\" name=\"_wpcf7\" value=\"3260\" \/><input type=\"hidden\" name=\"_wpcf7_version\" value=\"6.1.5\" \/><input type=\"hidden\" name=\"_wpcf7_locale\" value=\"en_US\" \/><input type=\"hidden\" name=\"_wpcf7_unit_tag\" value=\"wpcf7-f3260-o1\" \/><input type=\"hidden\" name=\"_wpcf7_container_post\" value=\"0\" \/><input type=\"hidden\" name=\"_wpcf7_posted_data_hash\" value=\"\" \/>\n<\/fieldset>\n<p><label><br \/>\n<span class=\"wpcf7-form-control-wrap\" data-name=\"your-name\"><input size=\"40\" maxlength=\"400\" class=\"wpcf7-form-control wpcf7-text wpcf7-validates-as-required frm\" aria-required=\"true\" aria-invalid=\"false\" placeholder=\"Nombre *\" value=\"\" type=\"text\" name=\"your-name\" \/><\/span> <\/label>\n<\/p>\n<p><label><br \/>\n<span class=\"wpcf7-form-control-wrap\" data-name=\"your-email\"><input size=\"40\" maxlength=\"400\" class=\"wpcf7-form-control wpcf7-email wpcf7-validates-as-required wpcf7-text wpcf7-validates-as-email frm\" aria-required=\"true\" aria-invalid=\"false\" placeholder=\"Email *\" value=\"\" type=\"email\" name=\"your-email\" \/><\/span> <\/label>\n<\/p>\n<p><label><br \/>\n<span class=\"wpcf7-form-control-wrap\" data-name=\"phone\"><input size=\"40\" maxlength=\"400\" class=\"wpcf7-form-control wpcf7-text wpcf7-validates-as-required frm\" aria-required=\"true\" aria-invalid=\"false\" placeholder=\"Tel\u00e9fono *\" value=\"\" type=\"text\" name=\"phone\" \/><\/span> <\/label>\n<\/p>\n<p><label><br \/>\n<span class=\"wpcf7-form-control-wrap\" data-name=\"pref-day\"><input size=\"40\" maxlength=\"400\" class=\"wpcf7-form-control wpcf7-text wpcf7-validates-as-required frm\" aria-required=\"true\" aria-invalid=\"false\" placeholder=\"El S\u00e1bado preferido *\" value=\"\" type=\"text\" name=\"pref-day\" \/><\/span> <\/label>\n<\/p>\n<p><label><br \/>\n<span class=\"wpcf7-form-control-wrap\" data-name=\"message\"><textarea cols=\"40\" rows=\"10\" maxlength=\"2000\" class=\"wpcf7-form-control wpcf7-textarea frm\" aria-invalid=\"false\" placeholder=\"Mensaje\" name=\"message\"><\/textarea><\/span> <\/label>\n<\/p>\n<p><span class=\"wpcf7-form-control-wrap\" data-name=\"checkbox-419\"><span class=\"wpcf7-form-control wpcf7-checkbox wpcf7-validates-as-required\"><span class=\"wpcf7-list-item first last\"><label><span class=\"wpcf7-list-item-label\">He le\u00eddo y estoy de acuerdo con autorizaci\u00f3n de cesi\u00f3n de derecho de imagen<\/span><input type=\"checkbox\" name=\"checkbox-419[]\" value=\"He le\u00eddo y estoy de acuerdo con autorizaci\u00f3n de cesi\u00f3n de derecho de imagen\" \/><\/label><\/span><\/span><\/span>\n<\/p>\n<p><label> Cargue su Autorizaci\u00f3n de cesi\u00f3n de derecho de imagen<br \/>\n<span class=\"wpcf7-form-control-wrap\" data-name=\"file-upload\"><input size=\"40\" class=\"wpcf7-form-control wpcf7-file\" accept=\"image\/*,.pdf\" aria-invalid=\"false\" type=\"file\" name=\"file-upload\" \/><\/span><\/label>\n<\/p>\n<p><input class=\"wpcf7-form-control wpcf7-submit has-spinner\" type=\"submit\" value=\"Enviar\" \/>\n<\/p><div class=\"wpcf7-response-output\" aria-hidden=\"true\"><\/div>\n<\/form>\n<\/div>\n[\/et_pb_code][\/et_pb_column][\/et_pb_row][\/et_pb_section]<\/p>\n","protected":false},"excerpt":{"rendered":"<p>Para todas las edades en grupos reducidosUna primavera para conocer El Jable El Jable es uno de los lugares naturales m\u00e1s importantes de la isla.\u00a1Te invitamos a descubrir sus tesoros! En una ma\u00f1ana te explicamos su origen, ver\u00e1s sus aves, entender\u00e1s las delicadas conexiones dentro del ecosistema. \u00a0 Fechas de las salidas disponibles los s\u00e1bados [&hellip;]<\/p>\n","protected":false},"author":1,"featured_media":0,"parent":0,"menu_order":0,"comment_status":"closed","ping_status":"closed","template":"","meta":{"give_campaign_id":0,"_et_pb_use_builder":"on","_et_pb_old_content":"","_et_gb_content_width":"","footnotes":""},"class_list":["post-3292","page","type-page","status-publish","hentry"],"campaignId":"","_links":{"self":[{"href":"https:\/\/desertwatch.org\/es\/wp-json\/wp\/v2\/pages\/3292","targetHints":{"allow":["GET"]}}],"collection":[{"href":"https:\/\/desertwatch.org\/es\/wp-json\/wp\/v2\/pages"}],"about":[{"href":"https:\/\/desertwatch.org\/es\/wp-json\/wp\/v2\/types\/page"}],"author":[{"embeddable":true,"href":"https:\/\/desertwatch.org\/es\/wp-json\/wp\/v2\/users\/1"}],"replies":[{"embeddable":true,"href":"https:\/\/desertwatch.org\/es\/wp-json\/wp\/v2\/comments?post=3292"}],"version-history":[{"count":0,"href":"https:\/\/desertwatch.org\/es\/wp-json\/wp\/v2\/pages\/3292\/revisions"}],"wp:attachment":[{"href":"https:\/\/desertwatch.org\/es\/wp-json\/wp\/v2\/media?parent=3292"}],"curies":[{"name":"wp","href":"https:\/\/api.w.org\/{rel}","templated":true}]}}