{"id":3041,"date":"2018-07-06T09:41:54","date_gmt":"2018-07-06T09:41:54","guid":{"rendered":"http:\/\/desertwatch.org\/privacy-policy\/"},"modified":"2020-04-28T10:33:11","modified_gmt":"2020-04-28T10:33:11","slug":"privacy-policy","status":"publish","type":"page","link":"https:\/\/desertwatch.org\/es\/privacy-policy\/","title":{"rendered":"Pol\u00edtica de privacidad"},"content":{"rendered":"<h1><\/h1>\n<h3>RGPD<\/h3>\n<h2>Pol\u00edtica de privacidad, tratamiento de datos personales y cookies<\/h2>\n<h4>Responsable del fichero del tratamiento de datos personales<\/h4>\n<p><strong>Asociacion de Defensa del Medioambiente Viento del Noreste<\/strong> con domicilio en calle Picapinos, 14, 35539, Las Palmas, es el <strong>Responsable del tratamiento<\/strong> de los datos personales del <strong>Interesado<\/strong> y le informa que estos datos ser\u00e1n tratados de conformidad con lo dispuesto en las normativas vigentes en protecci\u00f3n de datos personales, el Reglamento (UE) 2016\/679 de 27 de abril de 2016 (GDPR), la Ley Org\u00e1nica (ES) 15\/1999 de 13 de diciembre (LOPD) y el Real Decreto (ES) 1720\/2007 de 21 de diciembre (RDLOPD)<\/p>\n<h4>Forma de obtenci\u00f3n de sus datos<\/h4>\n<p>Hemos obtenido sus datos a trav\u00e9s de acciones realizadas en el pasado con <strong>Asociacion de Defensa del Medioambiente Viento<\/strong> <strong>del Noreste<\/strong>, o con motivo de las relaciones que mantiene en la actualidad con nuestra entidad, bien por su condici\u00f3n de socio\/a, por haber sido donante, haber participado en alguna de nuestras campa\u00f1as, darse de alta como establecimiento colaborador o sugerirlo, ser o haber sido voluntario\/a, o bien por haber solicitado informaci\u00f3n sobre nuestras actividades, campa\u00f1as e iniciativas.<\/p>\n<h4>Datos personales que tratamos<\/h4>\n<p>Tratamos los siguientes datos para las finalidades que se explican m\u00e1s adelante:<br \/>\nDatos necesarios para mantener la relaci\u00f3n con socios\/as, donantes, voluntarios\/as, colaboradores y suscriptores de campa\u00f1as y bolet\u00edn, participantes en eventos y acciones de <strong>Asociacion de Defensa del Medioambiente Viento del Noreste<\/strong>.<\/p>\n<ul>\n<li>Nombre<\/li>\n<li>Apellidos<\/li>\n<li>DNI<\/li>\n<li>Direcci\u00f3n de correo electr\u00f3nico<\/li>\n<li>N\u00famero de tel\u00e9fono<\/li>\n<\/ul>\n<p>En los casos en los que sea necesario por la naturaleza de la acci\u00f3n y\/o relaci\u00f3n con socios\/as, donantes, voluntarios\/as, colaboradores y suscriptores de campa\u00f1as y bolet\u00edn, podemos llegar a tratar otros datos que se faciliten voluntariamente:<\/p>\n<ul>\n<li>Fecha de nacimiento<\/li>\n<li>Sexo<\/li>\n<li>Idioma de preferencia<\/li>\n<li>Direcci\u00f3n Postal<\/li>\n<li>Aportaci\u00f3n econ\u00f3mica<\/li>\n<li>Datos bancarios<\/li>\n<li>Profesi\u00f3n<\/li>\n<li>Informaci\u00f3n para el ejercicio del voluntariado.<\/li>\n<\/ul>\n<p>Tambi\u00e9n, trataremos aquellos datos adicionales que voluntariamente se faciliten durante las futuras relaciones e interacciones mantenidas con <strong>Asociacion de Defensa del Medioambiente Viento del Noreste<\/strong>, incluidos los aportados mediante una red social u otra aplicaci\u00f3n. Estos datos dependen de la propia configuraci\u00f3n de privacidad cada uno tenga, uso de la red social o aplicaci\u00f3n, as\u00ed como de las pol\u00edticas de privacidad propias de cada red social o aplicaci\u00f3n, por lo que recomendamos leer las mismas para conocer las pol\u00edticas de cada red social o aplicaci\u00f3n.<\/p>\n<h4>Finalidad del tratamiento de datos personales<\/h4>\n<p>En cumplimiento de lo dispuesto en el Reglamento General de Protecci\u00f3n de Datos, as\u00ed como en cualquier ley nacional que resulte de aplicaci\u00f3n, tratamos los datos personales para cumplir con nuestros objetivos fundacionales: fomentar un cambio local y global hacia una sociedad respetuosa con el medio ambiente, justa y solidaria.\u00a0 Trataremos los datos de nuestros socios\/as, donantes, activistas y simpatizantes para las siguientes finalidades:<\/p>\n<ul>\n<li>Enviar informaci\u00f3n sobre Asociacion de Defensa del Medioambiente Viento del Noreste v\u00eda SMS, tel\u00e9fono, correo postal, e-mail, incluso cuando nuestra relaci\u00f3n haya terminado, salvo que el interesado\/a manifieste lo contrario; y dar respuesta a las peticiones de informaci\u00f3n solicitadas.<\/li>\n<li>Promover la colaboraci\u00f3n econ\u00f3mica con Asociacion de Defensa del Medioambiente Viento del Noreste as\u00ed como otros tipos de participaci\u00f3n activa (firmar campa\u00f1as, etc)<\/li>\n<li>Fomentar la colaboraci\u00f3n en Asociacion de Defensa del Medioambiente Viento del Noreste a trav\u00e9s de la red de activistas.<\/li>\n<li>Invitar a actos o eventos que organice Asociacion de Defensa del Medioambiente Viento del Noreste.<\/li>\n<\/ul>\n<p>Tambi\u00e9n trataremos datos para el env\u00edo, incluso por medios electr\u00f3nicos, de comunicaciones promocionales sobre actividades, campa\u00f1as e iniciativas de naturaleza similar a las que se hayan participado con anterioridad.<br \/>\nEl interesado\/a puede oponerse a recibir este tipo de comunicaciones promocionales, ahora o en cualquier otro momento, enviando un correo electr\u00f3nico a\u00a0<strong><a href=\"mailto:desertwatchjable@gmail.com\">desertwatchjable@gmail.com<\/a> o dirigiendo una solicitud a la direcci\u00f3n postal de Asociacion de Defensa del Medioambiente Viento del Noreste.<\/strong><\/p>\n<p>El tratamiento de datos personales relacionado con el mantenimiento de la relaci\u00f3n con <strong>Asociacion de Defensa del Medioambiente Viento del Noreste<\/strong> como socio\/a, donante, voluntario\/a, colaborador\/a o suscriptor\/a, est\u00e1 legitimado al resultar necesario para dar cumplimiento a las obligaciones contractuales derivadas de dicha relaci\u00f3n.<br \/>\nEl tratamiento de sus datos personales para el env\u00edo de informaci\u00f3n promocional sobre actividades, campa\u00f1as o iniciativas de\u00a0<strong>Asociacion de Defensa del Medioambiente Viento del Noreste<\/strong> similares a las que se haya participado con anterioridad, responde a un inter\u00e9s leg\u00edtimo de nuestra entidad y est\u00e1 autorizado por la normativa vigente.<br \/>\nEl tratamiento de datos personales para el ejercicio del activista es necesario ya que lo establece la normativa vigente sobre el voluntariado.<\/p>\n<h4>Legitimaci\u00f3n<\/h4>\n<p>La base leg\u00edtima para el tratamiento de tus datos es la ejecuci\u00f3n de un contrato con <strong>Asociacion de Defensa del Medioambiente Viento del Noreste<\/strong> en relaci\u00f3n con el alta que nos has solicitado.<\/p>\n<p>Asimismo, la base legal del tratamiento de tus datos personales puede darse tambi\u00e9n por el consentimiento expreso que otorgues para cada finalidad en el momento de recogida de tus datos personales que nos proporciones a trav\u00e9s de una posible alta presencial en nuestra sede o stands.<\/p>\n<h4>Datos personales y terceros<\/h4>\n<p>NO venderemos, alquilaremos o cederemos sus datos personales, pero estos podr\u00e1n ser facilitados a los destinatarios que se indican a continuaci\u00f3n, por los motivos que a continuaci\u00f3n se explican:<\/p>\n<ul>\n<li>Administraciones P\u00fablicas: para el cumplimiento de las obligaciones legales a las que <strong>Asociacion de Defensa del Medioambiente Viento del Noreste<\/strong> est\u00e1 sujeta por su actividad.<\/li>\n<li>Destinatarios\/as de peticiones y campa\u00f1as: Cuando se firma una petici\u00f3n o se participa con datos en una acci\u00f3n, el destinatario\/a de la campa\u00f1a recibe de <strong>Asociacion de Defensa del Medioambiente Viento del Noreste<\/strong> los datos imprescindibles para cumplir con las obligaciones derivadas de estas campa\u00f1as, que podr\u00e1n ser: nombre, apellidos, DNI, c\u00f3digo postal y correo electr\u00f3nico\u201d. <strong>Asociacion de Defensa del Medioambiente Viento del Noreste<\/strong> informar\u00e1 en cada campa\u00f1a los destinatarios\/as de la misma.<\/li>\n<li>Proveedores que precisen acceder a datos para la prestaci\u00f3n de servicios que <strong>Asociacion de Defensa del Medioambiente Viento del Noreste<\/strong> haya contratado a dichos proveedores, y con los cuales <strong>Asociacion de Defensa del Medioambiente Viento del Noreste<\/strong> tiene suscritos los contratos de confidencialidad y de tratamiento de datos personales necesarios y exigidos por la normativa para proteger su privacidad.<\/li>\n<li>Aquellas cesiones a terceros que sean necesarias para la organizaci\u00f3n o coordinaci\u00f3n de las campa\u00f1as, actividades e iniciativas en las que voluntariamente participes.<\/li>\n<li>Para tramitar el pago de las cuotas de afiliaci\u00f3n (i.e. entidades bancarias y\/o financieras propietarias de los medios de pago utilizados, pasarelas de pago).<\/li>\n<\/ul>\n<p>Si en el futuro <strong>Asociacion de Defensa del Medioambiente Viento del Noreste<\/strong> realizara otras cesiones de datos personales se informar\u00e1 debidamente.<\/p>\n<h4>Plazo de conservaci\u00f3n de datos personales<\/h4>\n<p>Los datos personales se conservar\u00e1n mientras se mantenga la relaci\u00f3n con <strong>Asociacion de Defensa del Medioambiente Viento<\/strong> del Noreste, e incluso tras la finalizaci\u00f3n de dicha relaci\u00f3n por cualquier causa durante los plazos de prescripci\u00f3n legales que sean de aplicaci\u00f3n, si no se comunica lo contrario. En este supuesto, se tratar\u00e1n a efectos de acreditar el cumplimiento de nuestras obligaciones legales y\/o contractuales. Conservaremos informaci\u00f3n personal el tiempo necesario o permitido en atenci\u00f3n a los fines para los cuales se haya obtenido.<\/p>\n<h4>Datos personas de menores de 18 a\u00f1os<\/h4>\n<p>No trataremos datos de menores de edad sin previa autorizaci\u00f3n de padres o tutores. Solamente con su acuerdo, podr\u00e1n participar en nuestras campa\u00f1as y actividades en la forma en que en cada caso se indique.<\/p>\n<h4>Derechos<\/h4>\n<p>Tienes derecho a obtener confirmaci\u00f3n sobre si en <strong>Asociacion de Defensa del Medioambiente Viento del Noreste<\/strong> estamos tratando datos personales que te conciernan, o no.<\/p>\n<p>Asimismo, tienes derecho a acceder a tus datos personales, as\u00ed como a solicitar la rectificaci\u00f3n de los datos inexactos o, en su caso, solicitar su supresi\u00f3n cuando, entre otros motivos, los datos ya no sean necesarios para los fines que fueron recogidos.<\/p>\n<p>En determinadas circunstancias, podr\u00e1s solicitar la limitaci\u00f3n del tratamiento de tus datos, en cuyo caso \u00fanicamente los conservaremos para el ejercicio o la defensa de reclamaciones.<\/p>\n<p>En determinadas circunstancias y por motivos relacionados con tu situaci\u00f3n particular, podr\u00e1s oponerte al tratamiento de tus datos. <strong>Asociacion de Defensa del Medioambiente Viento del Noreste<\/strong> dejar\u00e1 de tratar los datos, salvo por motivos leg\u00edtimos imperiosos, o el ejercicio o la defensa de posibles reclamaciones.<\/p>\n<p>Asimismo, puedes ejercer el derecho a la portabilidad de los datos, as\u00ed como retirar los consentimientos facilitados en cualquier momento, sin que ello afecte a la licitud del tratamiento basado en el consentimiento previo a su retirada.<\/p>\n<p>Si deseas ejercer cualquiera de tus derechos puedes dirigirte a nosotros enviando una comunicaci\u00f3n escrita a\u00a0 nuestras sede legal en C\/ Picapinos, 14, 35539 Las Palmas.<\/p>\n<p>La solicitud de ejercicio de cualesquiera de tus derechos deber\u00e1 ir acompa\u00f1ada de una copia de documento oficial que te identifique (DNI o documento acreditativo).<\/p>\n<h4>Entorno seguro<\/h4>\n<p>Esta p\u00e1gina est\u00e1 alojada en un servidor seguro. Toda la informaci\u00f3n personal que nos env\u00edas a trav\u00e9s de los diferentes formularios es tratada por medio de un est\u00e1ndar de seguridad, Secure Sockets Layer (SSL), tecnolog\u00eda que evita la intercepci\u00f3n de esta informaci\u00f3n por parte de terceros.<\/p>\n<h4>Pol\u00edtica de Cookies<\/h4>\n<p>El sitio web tierra.org, titularidad de <strong>Asociacion de Defensa del Medioambiente Viento del Noreste<\/strong>, utiliza cookies propias y de terceros para mejorar la experiencia de sus usuarios y usuarias.<\/p>\n<p>Las cookies son archivos que utilizan pr\u00e1cticamente todas las webs. Al navegar por nuestra p\u00e1gina se instalan en tu navegador o dispositivo para asegurar que la web funciona correctamente y almacenar informaci\u00f3n sobre tu visita.<\/p>\n<p>Los datos que nos proporcionan las cookies tratan al usuario de forma an\u00f3nima y en ning\u00fan caso almacenan informaci\u00f3n personal. Nuestro sitio web recoge datos tales como direcciones IP, p\u00e1ginas visitadas y archivos descargados, con el objeto de conocer a nivel general los h\u00e1bitos y preferencias de nuestros usuarios. Esta informaci\u00f3n no nos dice nada acerca de tu identidad y se utiliza \u00fanicamente para mejorar los contenidos y la experiencia de navegaci\u00f3n.<\/p>\n<p>En todo momento podr\u00e1s acceder a la configuraci\u00f3n de tu navegador para modificar o desactivar las cookies, y seguir\u00e1s accediendo a nuestros contenidos. Aunque es posible que la calidad en el funcionamiento de la web se vea afectada sin el uso de las cookies.<\/p>\n<h4>Enlaces a terceros<\/h4>\n<p>Nuestro sitio web puede incluir enlaces externos a p\u00e1ginas de otras personas o entidades. En ning\u00fan caso somos responsables de sus contenidos y servicios, que est\u00e1n fuera de nuestro control, ni de los da\u00f1os, directos o indirectos, que puedan ser causados por el uso de estos sitios.<\/p>\n<p>Si tienes cualquier duda o sugerencia puedes ponerte en contacto con nosotros en <a href=\"mailto:desertwatchjable@gmail.com\"><strong>desertwatchjable@gmail.com<\/strong><\/a>.<\/p>\n","protected":false},"excerpt":{"rendered":"<p>RGPD Pol\u00edtica de privacidad, tratamiento de datos personales y cookies Responsable del fichero del tratamiento de datos personales Asociacion de Defensa del Medioambiente Viento del Noreste con domicilio en calle Picapinos, 14, 35539, Las Palmas, es el Responsable del tratamiento de los datos personales del Interesado y le informa que estos datos ser\u00e1n tratados de [&hellip;]<\/p>\n","protected":false},"author":1,"featured_media":0,"parent":0,"menu_order":0,"comment_status":"closed","ping_status":"open","template":"","meta":{"give_campaign_id":0,"_et_pb_use_builder":"","_et_pb_old_content":"","_et_gb_content_width":"","footnotes":""},"class_list":["post-3041","page","type-page","status-publish","hentry"],"campaignId":"","_links":{"self":[{"href":"https:\/\/desertwatch.org\/es\/wp-json\/wp\/v2\/pages\/3041","targetHints":{"allow":["GET"]}}],"collection":[{"href":"https:\/\/desertwatch.org\/es\/wp-json\/wp\/v2\/pages"}],"about":[{"href":"https:\/\/desertwatch.org\/es\/wp-json\/wp\/v2\/types\/page"}],"author":[{"embeddable":true,"href":"https:\/\/desertwatch.org\/es\/wp-json\/wp\/v2\/users\/1"}],"replies":[{"embeddable":true,"href":"https:\/\/desertwatch.org\/es\/wp-json\/wp\/v2\/comments?post=3041"}],"version-history":[{"count":0,"href":"https:\/\/desertwatch.org\/es\/wp-json\/wp\/v2\/pages\/3041\/revisions"}],"wp:attachment":[{"href":"https:\/\/desertwatch.org\/es\/wp-json\/wp\/v2\/media?parent=3041"}],"curies":[{"name":"wp","href":"https:\/\/api.w.org\/{rel}","templated":true}]}}