{"id":2267,"date":"2020-03-26T16:33:42","date_gmt":"2020-03-26T16:33:42","guid":{"rendered":"http:\/\/desertwatch.org\/helping-sustainable-farmers\/"},"modified":"2020-04-25T12:37:00","modified_gmt":"2020-04-25T12:37:00","slug":"helping-sustainable-farmers","status":"publish","type":"page","link":"https:\/\/desertwatch.org\/es\/helping-sustainable-farmers\/","title":{"rendered":"Colaboraci\u00f3n con los agricultores ecol\u00f3gicos"},"content":{"rendered":"<p>[et_pb_section fb_built=\u00bb1&#8243; fullwidth=\u00bbon\u00bb next_background_color=\u00bb#ffffff\u00bb admin_label=\u00bbHeader Section\u00bb _builder_version=\u00bb3.22&#8243; background_color=\u00bb#8e7964&#8243; bottom_divider_style=\u00bbramp\u00bb bottom_divider_flip=\u00bbhorizontal\u00bb][et_pb_fullwidth_header title=\u00bbconservaci\u00f3n\u00bb subhead=\u00bbAyudando a los agricultores\u00bb text_orientation=\u00bbcenter\u00bb button_one_url=\u00bbhttps:\/\/desertwatch.org\/volunteers\/\u00bb _builder_version=\u00bb4.4.3&#8243; title_font=\u00bbOswald|||on|||||\u00bb title_text_color=\u00bb#384d24&#8243; title_font_size=\u00bb20px\u00bb title_letter_spacing=\u00bb3px\u00bb title_line_height=\u00bb1.5em\u00bb content_font=\u00bbLora||||||||\u00bb content_font_size=\u00bb22px\u00bb content_line_height=\u00bb2em\u00bb subhead_font=\u00bbMontserrat|700||on|||||\u00bb subhead_text_align=\u00bbcenter\u00bb subhead_text_color=\u00bb#fff5e7&#8243; subhead_font_size=\u00bb60px\u00bb subhead_letter_spacing=\u00bb12px\u00bb subhead_line_height=\u00bb1.1em\u00bb background_color=\u00bbrgba(255,255,255,0)\u00bb background_image=\u00bbhttps:\/\/desertwatch.org\/wp-content\/uploads\/2020\/03\/dw-farming-head.jpg\u00bb custom_button_one=\u00bbon\u00bb button_one_text_size=\u00bb16px\u00bb button_one_text_color=\u00bb#ffffff\u00bb button_one_bg_color=\u00bb#a3a66f\u00bb button_one_border_width=\u00bb15px\u00bb button_one_border_color=\u00bbrgba(210,159,104,0)\u00bb button_one_border_radius=\u00bb100px\u00bb button_one_letter_spacing=\u00bb3px\u00bb button_one_font=\u00bbOswald|||on|||||\u00bb button_one_use_icon=\u00bboff\u00bb custom_button_two=\u00bbon\u00bb button_two_text_size=\u00bb16px\u00bb button_two_text_color=\u00bb#ffffff\u00bb button_two_bg_color=\u00bbrgba(255,255,255,0.35)\u00bb button_two_border_width=\u00bb15px\u00bb button_two_border_color=\u00bbrgba(0,0,0,0)\u00bb button_two_border_radius=\u00bb100px\u00bb button_two_letter_spacing=\u00bb3px\u00bb button_two_font=\u00bbOswald|||on|||||\u00bb button_two_use_icon=\u00bboff\u00bb custom_margin=\u00bb|||\u00bb custom_padding=\u00bb90px||90px||true\u00bb custom_padding_tablet=\u00bb30px||||false|false\u00bb custom_padding_phone=\u00bb0px||100px||false|false\u00bb custom_padding_last_edited=\u00bbon|phone\u00bb animation_style=\u00bbzoom\u00bb animation_duration=\u00bb2000ms\u00bb animation_intensity_zoom=\u00bb4%\u00bb subhead_font_size_tablet=\u00bb48px\u00bb subhead_font_size_phone=\u00bb22px\u00bb subhead_font_size_last_edited=\u00bbon|phone\u00bb subhead_text_shadow_style=\u00bbpreset2&#8243; subhead_text_shadow_color=\u00bb#432918&#8243; text_shadow_style=\u00bbpreset1&#8243; text_shadow_color=\u00bb#d0b82b\u00bb button_one_border_radius_hover=\u00bb100px\u00bb button_one_bg_color_hover=\u00bb#a3a66f\u00bb button_two_bg_color_hover=\u00bb#384d24&#8243; button_one_text_size__hover_enabled=\u00bboff\u00bb button_two_text_size__hover_enabled=\u00bboff\u00bb button_one_text_color__hover_enabled=\u00bboff\u00bb button_two_text_color__hover_enabled=\u00bboff\u00bb button_one_border_width__hover_enabled=\u00bboff\u00bb button_two_border_width__hover_enabled=\u00bboff\u00bb button_one_border_color__hover_enabled=\u00bboff\u00bb button_two_border_color__hover_enabled=\u00bboff\u00bb button_one_border_radius__hover_enabled=\u00bbon\u00bb button_one_border_radius__hover=\u00bb100px\u00bb button_two_border_radius__hover_enabled=\u00bboff\u00bb button_one_letter_spacing__hover_enabled=\u00bboff\u00bb button_two_letter_spacing__hover_enabled=\u00bboff\u00bb button_one_bg_color__hover_enabled=\u00bbon\u00bb button_one_bg_color__hover=\u00bb#a3a66f\u00bb button_two_bg_color__hover_enabled=\u00bbon\u00bb button_two_bg_color__hover=\u00bb#384d24&#8243;][\/et_pb_fullwidth_header][\/et_pb_section][et_pb_section fb_built=\u00bb1&#8243; admin_label=\u00bbcleaning the desert\u00bb _builder_version=\u00bb4.4.1&#8243; background_image=\u00bbhttps:\/\/desertwatch.org\/wp-content\/uploads\/2019\/09\/herb-trans1.png\u00bb locked=\u00bboff\u00bb][et_pb_row admin_label=\u00bbcleaning the desert\u00bb _builder_version=\u00bb4.4.1&#8243;][et_pb_column type=\u00bb4_4&#8243; _builder_version=\u00bb4.3.3&#8243;][et_pb_text _builder_version=\u00bb4.4.2&#8243; text_font=\u00bbLora||||||||\u00bb text_font_size=\u00bb18px\u00bb text_line_height=\u00bb2em\u00bb header_2_font=\u00bbLora|700|||||||\u00bb header_2_font_size=\u00bb50px\u00bb header_2_line_height=\u00bb1.5em\u00bb header_3_font=\u00bbMontserrat|700||on|||||\u00bb header_3_text_color=\u00bb#000000&#8243; header_3_font_size=\u00bb36px\u00bb header_3_letter_spacing=\u00bb6px\u00bb header_3_line_height=\u00bb1.3em\u00bb header_5_font=\u00bbOswald|||on|||||\u00bb header_5_text_color=\u00bbrgba(0,0,0,0.4)\u00bb header_5_font_size=\u00bb20px\u00bb header_5_letter_spacing=\u00bb3px\u00bb max_width_tablet=\u00bb\u00bb max_width_phone=\u00bb\u00bb max_width_last_edited=\u00bbon|phone\u00bb custom_margin_tablet=\u00bb|70px||70px\u00bb custom_margin_phone=\u00bb|50px||50px\u00bb custom_margin_last_edited=\u00bboff|desktop\u00bb text_line_height_last_edited=\u00bboff|desktop\u00bb]<\/p>\n<h5>El Jable Lanzarote<\/h5>\n<h3>cultivando el desierto<\/h3>\n<p>[\/et_pb_text][\/et_pb_column][\/et_pb_row][et_pb_row column_structure=\u00bb1_2,1_2&#8243; _builder_version=\u00bb4.4.1&#8243; custom_margin=\u00bb|||auto|false|false\u00bb custom_margin_tablet=\u00bb\u00bb custom_margin_phone=\u00bb||||false|false\u00bb custom_margin_last_edited=\u00bbon|phone\u00bb][et_pb_column type=\u00bb1_2&#8243; _builder_version=\u00bb4.3.3&#8243;][et_pb_text _builder_version=\u00bb4.4.3&#8243; text_font_size=\u00bb16px\u00bb text_line_height=\u00bb1.9em\u00bb header_2_font=\u00bbLora|700|||||||\u00bb header_2_font_size=\u00bb50px\u00bb header_2_line_height=\u00bb1.5em\u00bb header_4_font=\u00bb|700||on|||||\u00bb header_4_text_align=\u00bbcenter\u00bb header_4_text_color=\u00bb#432918&#8243; header_4_font_size=\u00bb14px\u00bb header_5_font=\u00bbKaushan Script|700|||||||\u00bb header_5_text_color=\u00bb#000000&#8243; header_5_font_size=\u00bb26px\u00bb max_width_tablet=\u00bb\u00bb max_width_phone=\u00bb\u00bb max_width_last_edited=\u00bbon|phone\u00bb custom_margin_tablet=\u00bb|70px||70px\u00bb custom_margin_phone=\u00bb|50px||50px\u00bb custom_margin_last_edited=\u00bboff|desktop\u00bb text_line_height_last_edited=\u00bboff|desktop\u00bb]<\/p>\n<p>Las arenas de El Jable son de origen organ\u00f3geno,\u00a0 generando terrenos ricos en nutrientes, que se traducen en\u00a0 tierras f\u00e9rtiles para la agricultura. La escasa agua presente en esta zona ha hecho que los agricultores, desde tiempos memorables, hayan desarrollado un sistema agrario muy original y peculiar de cosechar productos de alta calidad sin el uso de ning\u00fan sistema de irrigaci\u00f3n artificial. Batatas, papas, tomates, calabazas, sand\u00edas, cebollas y otros productos de El Jable son famosos, reconocidos y solicitados en todas las islas del Archipi\u00e9lago.<\/p>\n<p>Este m\u00e9todo tradicional de agricultura es tan original y \u00fanico, que las Naciones Unidas, a trav\u00e9s de la FAO (Organizaci\u00f3n de las Naciones Unidas para la Agricultura y la Alimentaci\u00f3n), quiere incluir la agricultura en jable, como uno de sus paisajes <strong>SIPAM<\/strong> (Sistemas Importantes del Patrimonio Agr\u00edcola Mundial).<\/p>\n<p>[\/et_pb_text][\/et_pb_column][et_pb_column type=\u00bb1_2&#8243; _builder_version=\u00bb4.3.3&#8243;][et_pb_text _builder_version=\u00bb4.4.3&#8243; text_font_size=\u00bb16px\u00bb text_line_height=\u00bb1.9em\u00bb header_2_font=\u00bbLora|700|||||||\u00bb header_2_font_size=\u00bb50px\u00bb header_2_line_height=\u00bb1.5em\u00bb header_3_line_height=\u00bb1.2em\u00bb header_5_font=\u00bbKaushan Script|700|||||||\u00bb header_5_text_color=\u00bb#000000&#8243; header_5_font_size=\u00bb26px\u00bb max_width_tablet=\u00bb\u00bb max_width_phone=\u00bb\u00bb max_width_last_edited=\u00bbon|phone\u00bb custom_margin_tablet=\u00bb|70px||70px\u00bb custom_margin_phone=\u00bb|50px||50px\u00bb custom_margin_last_edited=\u00bboff|desktop\u00bb text_line_height_last_edited=\u00bboff|desktop\u00bb]<\/p>\n<p>La agricultura tradicional y ecol\u00f3gica es totalmente compatible con la conservaci\u00f3n de la vida salvaje. Este tipo de agricultura es un trabajo bastante exigente y duro, normalmente no genera muchas ganancias a los agricultores que la practican, por estas razones hay grupos de agricultores que han optado por implementar m\u00e9todos artificiales de irrigaci\u00f3n, en muchos casos con aguas de una calidad no \u00f3ptima, adem\u00e1s del uso de fertilizantes y pesticidas qu\u00edmicos, m\u00e9todos que no son nada compatibles con la conservaci\u00f3n ambiental, peor a\u00fan, son m\u00e9todos que degradan el medioambiente.<\/p>\n<p>Desde la Asociaci\u00f3n Viento del Noreste nos hemos comprometido a ayudar a estos agricultores tradicionales y ecol\u00f3gicos, que comparten una visi\u00f3n de sostenibilidad y de cohabitaci\u00f3n de su actividad en El Jable, en donde las actividades antr\u00f3picas y la vida salvaje puedan compartir un mismo espacio natural.<\/p>\n<p>[\/et_pb_text][\/et_pb_column][\/et_pb_row][et_pb_row admin_label=\u00bbcleaning the desert\u00bb _builder_version=\u00bb4.4.1&#8243; custom_margin_tablet=\u00bb\u00bb custom_margin_phone=\u00bb||||false|false\u00bb custom_margin_last_edited=\u00bbon|phone\u00bb scroll_scaling_enable=\u00bbon\u00bb][et_pb_column type=\u00bb4_4&#8243; _builder_version=\u00bb4.3.3&#8243;][et_pb_video src=\u00bbhttps:\/\/youtu.be\/DXtd0xfZupQ\u00bb image_src=\u00bbhttps:\/\/desertwatch.org\/wp-content\/uploads\/2020\/03\/sipam-vid-thumb.jpg\u00bb play_icon_color=\u00bb#f42000&#8243; thumbnail_overlay_color=\u00bbrgba(0,0,0,0.6)\u00bb _builder_version=\u00bb4.4.1&#8243;][\/et_pb_video][\/et_pb_column][\/et_pb_row][\/et_pb_section][et_pb_section fb_built=\u00bb1&#8243; admin_label=\u00bbplanting for bustards\u00bb module_id=\u00bbbustards\u00bb _builder_version=\u00bb4.4.1&#8243; background_image=\u00bbhttps:\/\/desertwatch.org\/wp-content\/uploads\/2020\/03\/herb-trans5.png\u00bb locked=\u00bboff\u00bb][et_pb_row admin_label=\u00bbplanting for bustards\u00bb _builder_version=\u00bb4.4.1&#8243;][et_pb_column type=\u00bb4_4&#8243; _builder_version=\u00bb4.3.3&#8243;][et_pb_text _builder_version=\u00bb4.4.2&#8243; text_font=\u00bbLora||||||||\u00bb text_font_size=\u00bb18px\u00bb text_line_height=\u00bb2em\u00bb header_2_font=\u00bbLora|700|||||||\u00bb header_2_font_size=\u00bb50px\u00bb header_2_line_height=\u00bb1.5em\u00bb header_3_font=\u00bbMontserrat|700||on|||||\u00bb header_3_text_color=\u00bb#000000&#8243; header_3_font_size=\u00bb36px\u00bb header_3_letter_spacing=\u00bb6px\u00bb header_3_line_height=\u00bb1.3em\u00bb header_5_font=\u00bbOswald|||on|||||\u00bb header_5_text_color=\u00bbrgba(0,0,0,0.4)\u00bb header_5_font_size=\u00bb20px\u00bb header_5_letter_spacing=\u00bb3px\u00bb max_width_tablet=\u00bb\u00bb max_width_phone=\u00bb\u00bb max_width_last_edited=\u00bbon|phone\u00bb custom_margin=\u00bb||3px|||\u00bb custom_margin_tablet=\u00bb|70px||70px\u00bb custom_margin_phone=\u00bb|50px||50px\u00bb custom_margin_last_edited=\u00bboff|desktop\u00bb text_line_height_last_edited=\u00bboff|desktop\u00bb]<\/p>\n<h5>Conservaci\u00f3n<\/h5>\n<h3>Plantando para las avutardas canarias<\/h3>\n<p>[\/et_pb_text][\/et_pb_column][\/et_pb_row][et_pb_row column_structure=\u00bb1_2,1_2&#8243; _builder_version=\u00bb4.4.1&#8243; custom_margin=\u00bb|||auto|false|false\u00bb custom_margin_tablet=\u00bb\u00bb custom_margin_phone=\u00bb||||false|false\u00bb custom_margin_last_edited=\u00bbon|phone\u00bb][et_pb_column type=\u00bb1_2&#8243; _builder_version=\u00bb4.3.3&#8243;][et_pb_text _builder_version=\u00bb4.4.3&#8243; text_font_size=\u00bb16px\u00bb text_line_height=\u00bb1.9em\u00bb header_2_font=\u00bbLora|700|||||||\u00bb header_2_font_size=\u00bb50px\u00bb header_2_line_height=\u00bb1.5em\u00bb header_4_font=\u00bb|700||on|||||\u00bb header_4_text_align=\u00bbcenter\u00bb header_4_text_color=\u00bb#432918&#8243; header_4_font_size=\u00bb14px\u00bb header_5_font=\u00bbKaushan Script|700|||||||\u00bb header_5_text_color=\u00bb#000000&#8243; header_5_font_size=\u00bb26px\u00bb max_width_tablet=\u00bb\u00bb max_width_phone=\u00bb\u00bb max_width_last_edited=\u00bbon|phone\u00bb custom_margin_tablet=\u00bb|70px||70px\u00bb custom_margin_phone=\u00bb|50px||50px\u00bb custom_margin_last_edited=\u00bboff|desktop\u00bb text_line_height_last_edited=\u00bboff|desktop\u00bb]Uno de nuestros amigos agricultores ecol\u00f3gicos nos coment\u00f3 que era muy com\u00fan que diferentes aves fueran hasta sus cultivos y picotearan las partes m\u00e1s tiernas de las plantas de tomate, batata, etc., sobre todo en \u00e9pocas de sequ\u00eda, que es cuando m\u00e1s escasean los alimentos en esta zona semides\u00e9rtica. Interesados en este comportamiento de las aves, nuestra asociaci\u00f3n decidi\u00f3 hacer un\u00a0 experimento que lo llamamos PLANTANDO PARA LAS AVUTARDAS CANARIAS.<\/p>\n<p>En una de las fincas de nuestro amigo agricultor proyectamos plantar alrededor de la misma diferentes variedades aut\u00f3ctonas con dos finalidades: una que nuestra plantaci\u00f3n sirva de buffer o pantalla de protecci\u00f3n hacia sus cultivos, y otra, poder observar a trav\u00e9s de c\u00e1maras trampa qu\u00e9 aves son las que se acercan a comer. Esta actividad ha llevado a realizar un acuerdo de <a href=\"https:\/\/www.custodiaengrancanaria.com\/nosotros\" target=\"_blank\" rel=\"noopener noreferrer\">custodia del territorio<\/a> entre la Asociaci\u00f3n y los agricultores propietarios de las fincas.[\/et_pb_text][et_pb_gallery gallery_ids=\u00bb2479,2499,2501,2503,2485,2481,2497,2495,2491,2493,2489,2483,2487&#8243; fullwidth=\u00bbon\u00bb admin_label=\u00bbplanting for bustards gallery\u00bb _builder_version=\u00bb4.4.3&#8243; auto=\u00bbon\u00bb auto_speed=\u00bb3000&#8243; scroll_scaling_enable=\u00bbon\u00bb border_radii=\u00bbon|8px|8px|8px|8px\u00bb box_shadow_style=\u00bbpreset3&#8243; box_shadow_blur=\u00bb12px\u00bb locked=\u00bboff\u00bb][\/et_pb_gallery][\/et_pb_column][et_pb_column type=\u00bb1_2&#8243; _builder_version=\u00bb4.3.3&#8243;][et_pb_text _builder_version=\u00bb4.4.3&#8243; text_font_size=\u00bb16px\u00bb text_line_height=\u00bb1.9em\u00bb header_2_font=\u00bbLora|700|||||||\u00bb header_2_font_size=\u00bb50px\u00bb header_2_line_height=\u00bb1.5em\u00bb header_3_line_height=\u00bb1.2em\u00bb header_5_font=\u00bbKaushan Script|700|||||||\u00bb header_5_text_align=\u00bbcenter\u00bb header_5_text_color=\u00bb#000000&#8243; header_5_font_size=\u00bb26px\u00bb header_5_line_height=\u00bb1.3em\u00bb max_width_tablet=\u00bb\u00bb max_width_phone=\u00bb\u00bb max_width_last_edited=\u00bbon|phone\u00bb custom_margin_tablet=\u00bb|70px||70px\u00bb custom_margin_phone=\u00bb|50px||50px\u00bb custom_margin_last_edited=\u00bboff|desktop\u00bb text_line_height_last_edited=\u00bboff|desktop\u00bb header_5_font_size_tablet=\u00bb\u00bb header_5_font_size_phone=\u00bb23px\u00bb header_5_font_size_last_edited=\u00bbon|phone\u00bb]<\/p>\n<p>Cuando realizamos <a href=\"https:\/\/desertwatch.org\/es\/field-trips-for-school-children\/\">salidas de campo con colegios, institutos y colectivos de la isla,<\/a> los acercamos hasta la finca para que conozcan el proyecto, al tiempo que el agricultor les explica sobre el terreno c\u00f3mo es la agricultura de El Jable y lo duro que es sembrar en esta tierra. Los participantes disfrutan mucho de esta experiencia, no solo porque ayudan a plantar para las aves, sino tambi\u00e9n porque aprenden sobre la historia pasada y reciente de este lugar y de c\u00f3mo la agricultura ecol\u00f3gica es buena para la salud de las personas, y ayuda a la conservaci\u00f3n de la fauna y el medio ambiente. \u00a0Y por \u00faltimo pero no menos importante, el agricultor participa activamente en la educaci\u00f3n y concienciaci\u00f3n ambiental.<\/p>\n<p>[\/et_pb_text][et_pb_image src=\u00bbhttps:\/\/desertwatch.org\/wp-content\/uploads\/2020\/03\/flying-group-bustard.png\u00bb _builder_version=\u00bb4.4.3&#8243; width=\u00bb76%\u00bb scroll_vertical_motion_enable=\u00bbon\u00bb scroll_vertical_motion=\u00bb0|70|70|100|0.5|0|2&#8243; scroll_horizontal_motion_enable=\u00bbon\u00bb scroll_horizontal_motion=\u00bb0|74|74|100|4|0|-9&#8243; scroll_fade_enable=\u00bbon\u00bb scroll_fade=\u00bb0|66|66|100|50%|100|40%\u00bb scroll_scaling_enable=\u00bbon\u00bb scroll_scaling=\u00bb0|50|50|100|90%|130%|90%\u00bb][\/et_pb_image][\/et_pb_column][\/et_pb_row][\/et_pb_section][et_pb_section fb_built=\u00bb1&#8243; prev_background_color=\u00bb#ffffff\u00bb admin_label=\u00bbdulces of the desert\u00bb _builder_version=\u00bb4.4.1&#8243; background_color=\u00bb#e1e1e1&#8243; background_image=\u00bbhttps:\/\/desertwatch.org\/wp-content\/uploads\/2019\/09\/herb-trans3.png\u00bb top_divider_style=\u00bbwaves2&#8243; locked=\u00bboff\u00bb][et_pb_row admin_label=\u00bbdelights of the desert\u00bb _builder_version=\u00bb4.4.1&#8243;][et_pb_column type=\u00bb4_4&#8243; _builder_version=\u00bb4.3.3&#8243;][et_pb_text _builder_version=\u00bb4.4.2&#8243; text_font=\u00bbLora||||||||\u00bb text_font_size=\u00bb18px\u00bb text_line_height=\u00bb2em\u00bb header_2_font=\u00bbLora|700|||||||\u00bb header_2_font_size=\u00bb50px\u00bb header_2_line_height=\u00bb1.5em\u00bb header_3_font=\u00bbMontserrat|700||on|||||\u00bb header_3_text_color=\u00bb#000000&#8243; header_3_font_size=\u00bb36px\u00bb header_3_letter_spacing=\u00bb6px\u00bb header_3_line_height=\u00bb1.3em\u00bb header_5_font=\u00bbOswald|||on|||||\u00bb header_5_text_color=\u00bbrgba(0,0,0,0.4)\u00bb header_5_font_size=\u00bb20px\u00bb header_5_letter_spacing=\u00bb3px\u00bb max_width_tablet=\u00bb\u00bb max_width_phone=\u00bb\u00bb max_width_last_edited=\u00bbon|phone\u00bb custom_margin=\u00bb||3px|||\u00bb custom_margin_tablet=\u00bb|70px||70px\u00bb custom_margin_phone=\u00bb|50px||50px\u00bb custom_margin_last_edited=\u00bboff|desktop\u00bb text_line_height_last_edited=\u00bboff|desktop\u00bb]<\/p>\n<h5>Agricultura<\/h5>\n<h3><strong>Delicias de el jable<br \/>\n<\/strong><\/h3>\n<p>[\/et_pb_text][\/et_pb_column][\/et_pb_row][et_pb_row column_structure=\u00bb1_2,1_2&#8243; _builder_version=\u00bb4.4.1&#8243; custom_margin=\u00bb|||auto|false|false\u00bb custom_margin_tablet=\u00bb\u00bb custom_margin_phone=\u00bb||||false|false\u00bb custom_margin_last_edited=\u00bbon|phone\u00bb][et_pb_column type=\u00bb1_2&#8243; _builder_version=\u00bb4.3.3&#8243;][et_pb_text _builder_version=\u00bb4.4.3&#8243; text_font_size=\u00bb16px\u00bb text_line_height=\u00bb1.9em\u00bb header_2_font=\u00bbLora|700|||||||\u00bb header_2_font_size=\u00bb50px\u00bb header_2_line_height=\u00bb1.5em\u00bb header_4_font=\u00bb|700||on|||||\u00bb header_4_text_align=\u00bbcenter\u00bb header_4_text_color=\u00bb#432918&#8243; header_4_font_size=\u00bb14px\u00bb header_5_font=\u00bbKaushan Script|700|||||||\u00bb header_5_text_color=\u00bb#000000&#8243; header_5_font_size=\u00bb26px\u00bb max_width_tablet=\u00bb\u00bb max_width_phone=\u00bb\u00bb max_width_last_edited=\u00bbon|phone\u00bb custom_margin_tablet=\u00bb|70px||70px\u00bb custom_margin_phone=\u00bb|50px||50px\u00bb custom_margin_last_edited=\u00bboff|desktop\u00bb text_line_height_last_edited=\u00bboff|desktop\u00bb]<\/p>\n<p>Sacarle rendimiento a toda la cosecha que se produce en El Jable es el sue\u00f1o de todos los agricultores. Sin embargo, numerosos obst\u00e1culos hacen que sea muy dif\u00edcil que se pueda cumplir. Al da\u00f1o que los cultivos puedan sufrir por la presencia de aves como la avutarda o el cuervo, se unen las exigencias del mercado que piden al agricultor que las batatas o sand\u00edas tengan un tama\u00f1o determinado, adem\u00e1s de una presencia visual impecable. \u00bfQu\u00e9 hacer entonces?<\/p>\n<p>[\/et_pb_text][et_pb_image src=\u00bbhttps:\/\/desertwatch.org\/wp-content\/uploads\/2020\/03\/Dulce_Del_Jable-jambox-1.jpg\u00bb _builder_version=\u00bb4.4.1&#8243;][\/et_pb_image][\/et_pb_column][et_pb_column type=\u00bb1_2&#8243; _builder_version=\u00bb4.3.3&#8243;][et_pb_text _builder_version=\u00bb4.4.3&#8243; text_font_size=\u00bb16px\u00bb text_line_height=\u00bb1.9em\u00bb header_2_font=\u00bbLora|700|||||||\u00bb header_2_font_size=\u00bb50px\u00bb header_2_line_height=\u00bb1.5em\u00bb header_3_line_height=\u00bb1.2em\u00bb header_5_font=\u00bbKaushan Script|700|||||||\u00bb header_5_text_align=\u00bbcenter\u00bb header_5_text_color=\u00bb#000000&#8243; header_5_font_size=\u00bb26px\u00bb header_5_line_height=\u00bb1.3em\u00bb max_width_tablet=\u00bb\u00bb max_width_phone=\u00bb\u00bb max_width_last_edited=\u00bbon|phone\u00bb custom_margin_tablet=\u00bb|70px||70px\u00bb custom_margin_phone=\u00bb|50px||50px\u00bb custom_margin_last_edited=\u00bboff|desktop\u00bb text_line_height_last_edited=\u00bboff|desktop\u00bb]<\/p>\n<p>La Asociaci\u00f3n Viento del Noreste est\u00e1 trabajando en un proyecto denominado DELICIAS DE EL JABLE.\u00a0 Para ello, hemos reunido a un agricultor ecol\u00f3gico, a un extraordinario <strong><a href=\"https:\/\/cookinlanzarote.com\/es\/\" target=\"_blank\" rel=\"noopener noreferrer\">chef gourmet<\/a><\/strong>, a una exitosa cooperativa que manufactura productos alimenticios, con todos sus permisos sanitarios y a una talentosa empresa de <strong><a href=\"https:\/\/botanicoestudio.com\/\" target=\"_blank\" rel=\"noopener noreferrer\">dise\u00f1o gr\u00e1fico<\/a><\/strong>.<\/p>\n<p>La idea consiste en que el agricultor pueda vender tambi\u00e9n sus batatas frescas que no logran ser comercializadas porque no se ajustan a los est\u00e1ndares del mercado, y a partir de ah\u00ed elaborar deliciosos dulces que ir\u00e1n empaquetados de forma exquisita y llevar\u00e1n informaci\u00f3n sobre el proyecto. Se busca con ello poder vender el producto a un precio justo, del que saldr\u00e1n beneficiados el agricultor, las aves y el medio ambiente. En un principio, el dise\u00f1o y la receta se crearon solo para la batata, pero lo mismo se puede aplicar a la sand\u00eda, la calabaza, el tomate, etc.<\/p>\n<p>El proyecto DELICIAS DE EL JABLE todav\u00eda est\u00e1 en la fase de implementaci\u00f3n, a la espera de encontrar financiaci\u00f3n para su desarrollo.<\/p>\n<p>[\/et_pb_text][\/et_pb_column][\/et_pb_row][et_pb_row column_structure=\u00bb1_5,3_5,1_5&#8243; _builder_version=\u00bb4.4.3&#8243; locked=\u00bboff\u00bb][et_pb_column type=\u00bb1_5&#8243; _builder_version=\u00bb4.4.3&#8243;][\/et_pb_column][et_pb_column type=\u00bb3_5&#8243; _builder_version=\u00bb4.4.3&#8243;][et_pb_text _builder_version=\u00bb4.4.3&#8243; hover_enabled=\u00bb0&#8243; admin_label=\u00bbgofundme widget\u00bb]<\/p>\n<div class=\"gfm-embed\" data-url=\"https:\/\/www.gofundme.com\/f\/vientos-del-noreste-desert-watch\/widget\/large\">\u00a0<\/div>\n<p><script defer src=\"https:\/\/www.gofundme.com\/static\/js\/embed.js\"><\/script><\/p>\n<p>[\/et_pb_text][\/et_pb_column][et_pb_column type=\u00bb1_5&#8243; _builder_version=\u00bb4.4.3&#8243;][\/et_pb_column][\/et_pb_row][\/et_pb_section][et_pb_section fb_built=\u00bb1&#8243; prev_background_color=\u00bb#e1e1e1&#8243; admin_label=\u00bbFooter Section\u00bb _builder_version=\u00bb4.4.1&#8243; background_color=\u00bb#262020&#8243; use_background_color_gradient=\u00bbon\u00bb background_color_gradient_start=\u00bb#262020&#8243; background_color_gradient_end=\u00bbrgba(38,32,32,0)\u00bb background_color_gradient_start_position=\u00bb8%\u00bb background_color_gradient_end_position=\u00bb82%\u00bb background_color_gradient_overlays_image=\u00bbon\u00bb background_image=\u00bbhttps:\/\/desertwatch.org\/wp-content\/uploads\/2020\/03\/dw-farming-foot.jpg\u00bb custom_padding=\u00bb81px|0px|81px|0px|true|false\u00bb top_divider_style=\u00bbramp\u00bb saved_tabs=\u00bball\u00bb][et_pb_row admin_label=\u00bbSubscribe\u00bb _builder_version=\u00bb3.25&#8243; custom_margin=\u00bb|||\u00bb custom_padding=\u00bb|||\u00bb animation_style=\u00bbzoom\u00bb animation_intensity_zoom=\u00bb5%\u00bb][et_pb_column type=\u00bb4_4&#8243; _builder_version=\u00bb3.25&#8243; custom_padding=\u00bb|||\u00bb custom_padding__hover=\u00bb|||\u00bb][et_pb_divider show_divider=\u00bboff\u00bb _builder_version=\u00bb4.4.1&#8243; height=\u00bb100px\u00bb][\/et_pb_divider][et_pb_text _builder_version=\u00bb4.4.2&#8243; header_font=\u00bbMontserrat|600||on|||||\u00bb header_text_align=\u00bbcenter\u00bb header_text_color=\u00bb#fff5e7&#8243; header_letter_spacing=\u00bb8px\u00bb]<\/p>\n<h1><span class=\"tlid-translation translation\" lang=\"en\"><span class=\"\" title=\"\">la agricultura ecol\u00f3gica es completamente compatible con la conservaci\u00f3n de la vida silvestre<\/span><\/span><\/h1>\n<p>[\/et_pb_text][\/et_pb_column][\/et_pb_row][\/et_pb_section]<\/p>\n","protected":false},"excerpt":{"rendered":"<p>El Jable Lanzarote cultivando el desiertoLas arenas de El Jable son de origen organ\u00f3geno,\u00a0 generando terrenos ricos en nutrientes, que se traducen en\u00a0 tierras f\u00e9rtiles para la agricultura. La escasa agua presente en esta zona ha hecho que los agricultores, desde tiempos memorables, hayan desarrollado un sistema agrario muy original y peculiar de cosechar productos [&hellip;]<\/p>\n","protected":false},"author":1,"featured_media":0,"parent":0,"menu_order":0,"comment_status":"closed","ping_status":"closed","template":"","meta":{"give_campaign_id":0,"_et_pb_use_builder":"on","_et_pb_old_content":"","_et_gb_content_width":"","footnotes":""},"class_list":["post-2267","page","type-page","status-publish","hentry"],"campaignId":"","_links":{"self":[{"href":"https:\/\/desertwatch.org\/es\/wp-json\/wp\/v2\/pages\/2267","targetHints":{"allow":["GET"]}}],"collection":[{"href":"https:\/\/desertwatch.org\/es\/wp-json\/wp\/v2\/pages"}],"about":[{"href":"https:\/\/desertwatch.org\/es\/wp-json\/wp\/v2\/types\/page"}],"author":[{"embeddable":true,"href":"https:\/\/desertwatch.org\/es\/wp-json\/wp\/v2\/users\/1"}],"replies":[{"embeddable":true,"href":"https:\/\/desertwatch.org\/es\/wp-json\/wp\/v2\/comments?post=2267"}],"version-history":[{"count":0,"href":"https:\/\/desertwatch.org\/es\/wp-json\/wp\/v2\/pages\/2267\/revisions"}],"wp:attachment":[{"href":"https:\/\/desertwatch.org\/es\/wp-json\/wp\/v2\/media?parent=2267"}],"curies":[{"name":"wp","href":"https:\/\/api.w.org\/{rel}","templated":true}]}}