{"id":2241,"date":"2020-03-26T14:39:29","date_gmt":"2020-03-26T14:39:29","guid":{"rendered":"http:\/\/desertwatch.org\/cleaning-the-desert\/"},"modified":"2020-04-25T12:24:57","modified_gmt":"2020-04-25T12:24:57","slug":"cleaning-the-desert","status":"publish","type":"page","link":"https:\/\/desertwatch.org\/es\/cleaning-the-desert\/","title":{"rendered":"Limpiando el jable"},"content":{"rendered":"<p>[et_pb_section fb_built=\u00bb1&#8243; fullwidth=\u00bbon\u00bb next_background_color=\u00bb#ffffff\u00bb admin_label=\u00bbHeader Section\u00bb _builder_version=\u00bb3.22&#8243; background_color=\u00bb#8e7964&#8243; bottom_divider_style=\u00bbramp\u00bb bottom_divider_flip=\u00bbhorizontal\u00bb][et_pb_fullwidth_header title=\u00bbconservaci\u00f3n\u00bb subhead=\u00bbLimpiando el jable\u00bb text_orientation=\u00bbcenter\u00bb button_one_url=\u00bbhttps:\/\/desertwatch.org\/volunteers\/\u00bb content_max_width=\u00bb640px\u00bb _builder_version=\u00bb4.4.2&#8243; title_font=\u00bbOswald|||on|||||\u00bb title_text_color=\u00bb#432918&#8243; title_font_size=\u00bb20px\u00bb title_letter_spacing=\u00bb3px\u00bb title_line_height=\u00bb1.5em\u00bb content_font=\u00bbLora||||||||\u00bb content_font_size=\u00bb22px\u00bb content_line_height=\u00bb2em\u00bb subhead_font=\u00bbMontserrat|700||on|||||\u00bb subhead_text_color=\u00bb#fff5e7&#8243; subhead_font_size=\u00bb60px\u00bb subhead_letter_spacing=\u00bb12px\u00bb subhead_line_height=\u00bb1.3em\u00bb background_color=\u00bbrgba(255,255,255,0)\u00bb background_image=\u00bbhttps:\/\/desertwatch.org\/wp-content\/uploads\/2020\/03\/dw-cleaning-head.jpg\u00bb custom_button_one=\u00bbon\u00bb button_one_text_size=\u00bb16px\u00bb button_one_text_color=\u00bb#ffffff\u00bb button_one_bg_color=\u00bb#a3a66f\u00bb button_one_border_width=\u00bb15px\u00bb button_one_border_color=\u00bbrgba(210,159,104,0)\u00bb button_one_border_radius=\u00bb100px\u00bb button_one_letter_spacing=\u00bb3px\u00bb button_one_font=\u00bbOswald|||on|||||\u00bb button_one_use_icon=\u00bboff\u00bb custom_button_two=\u00bbon\u00bb button_two_text_size=\u00bb16px\u00bb button_two_text_color=\u00bb#ffffff\u00bb button_two_bg_color=\u00bbrgba(255,255,255,0.35)\u00bb button_two_border_width=\u00bb15px\u00bb button_two_border_color=\u00bbrgba(0,0,0,0)\u00bb button_two_border_radius=\u00bb100px\u00bb button_two_letter_spacing=\u00bb3px\u00bb button_two_font=\u00bbOswald|||on|||||\u00bb button_two_use_icon=\u00bboff\u00bb custom_margin=\u00bb|||\u00bb custom_padding=\u00bb90px||90px||true\u00bb animation_style=\u00bbzoom\u00bb animation_duration=\u00bb2000ms\u00bb animation_intensity_zoom=\u00bb4%\u00bb subhead_font_size_tablet=\u00bb\u00bb subhead_font_size_phone=\u00bb50px\u00bb subhead_font_size_last_edited=\u00bbon|desktop\u00bb subhead_text_shadow_style=\u00bbpreset2&#8243; subhead_text_shadow_color=\u00bb#432918&#8243; text_shadow_style=\u00bbpreset1&#8243; text_shadow_color=\u00bbrgba(0,0,0,0.28)\u00bb button_one_border_radius_hover=\u00bb100px\u00bb button_one_bg_color_hover=\u00bb#a3a66f\u00bb button_two_bg_color_hover=\u00bb#384d24&#8243; button_one_text_size__hover_enabled=\u00bboff\u00bb button_two_text_size__hover_enabled=\u00bboff\u00bb button_one_text_color__hover_enabled=\u00bboff\u00bb button_two_text_color__hover_enabled=\u00bboff\u00bb button_one_border_width__hover_enabled=\u00bboff\u00bb button_two_border_width__hover_enabled=\u00bboff\u00bb button_one_border_color__hover_enabled=\u00bboff\u00bb button_two_border_color__hover_enabled=\u00bboff\u00bb button_one_border_radius__hover_enabled=\u00bbon\u00bb button_one_border_radius__hover=\u00bb100px\u00bb button_two_border_radius__hover_enabled=\u00bboff\u00bb button_one_letter_spacing__hover_enabled=\u00bboff\u00bb button_two_letter_spacing__hover_enabled=\u00bboff\u00bb button_one_bg_color__hover_enabled=\u00bbon\u00bb button_one_bg_color__hover=\u00bb#a3a66f\u00bb button_two_bg_color__hover_enabled=\u00bbon\u00bb button_two_bg_color__hover=\u00bb#384d24&#8243;][\/et_pb_fullwidth_header][\/et_pb_section][et_pb_section fb_built=\u00bb1&#8243; admin_label=\u00bbcleaning the desert\u00bb _builder_version=\u00bb4.4.1&#8243; background_image=\u00bbhttps:\/\/desertwatch.org\/wp-content\/uploads\/2019\/09\/herb-trans1.png\u00bb locked=\u00bboff\u00bb][et_pb_row admin_label=\u00bbcleaning the desert\u00bb _builder_version=\u00bb4.4.1&#8243; custom_margin=\u00bb|||auto|false|false\u00bb][et_pb_column type=\u00bb4_4&#8243; _builder_version=\u00bb4.3.3&#8243;][et_pb_image src=\u00bbhttps:\/\/desertwatch.org\/wp-content\/uploads\/2020\/03\/raven-lime.png\u00bb align=\u00bbright\u00bb _builder_version=\u00bb4.4.1&#8243; width=\u00bb12%\u00bb width_tablet=\u00bb38%\u00bb width_phone=\u00bb57%\u00bb width_last_edited=\u00bbon|desktop\u00bb custom_margin=\u00bb-40px||0px||false|false\u00bb custom_margin_tablet=\u00bb\u00bb custom_margin_phone=\u00bb\u00bb custom_margin_last_edited=\u00bbon|desktop\u00bb animation_style=\u00bbflip\u00bb][\/et_pb_image][et_pb_image src=\u00bbhttps:\/\/desertwatch.org\/wp-content\/uploads\/2020\/03\/raven-in-flight.png\u00bb _builder_version=\u00bb4.4.1&#8243; width=\u00bb12%\u00bb width_tablet=\u00bb38%\u00bb width_phone=\u00bb57%\u00bb width_last_edited=\u00bbon|desktop\u00bb custom_margin=\u00bb-140px||0px||false|false\u00bb custom_margin_tablet=\u00bb\u00bb custom_margin_phone=\u00bb\u00bb custom_margin_last_edited=\u00bbon|desktop\u00bb animation_style=\u00bbflip\u00bb scroll_vertical_motion_enable=\u00bbon\u00bb scroll_vertical_motion=\u00bb0|59|59|100|8|0|-4&#8243; scroll_horizontal_motion_enable=\u00bbon\u00bb scroll_horizontal_motion=\u00bb0|59|59|100|1|0|13&#8243;][\/et_pb_image][et_pb_text _builder_version=\u00bb4.4.2&#8243; text_font=\u00bbLora||||||||\u00bb text_font_size=\u00bb18px\u00bb text_line_height=\u00bb2em\u00bb header_2_font=\u00bbLora|700|||||||\u00bb header_2_font_size=\u00bb50px\u00bb header_2_line_height=\u00bb1.5em\u00bb header_3_font=\u00bbMontserrat|700||on|||||\u00bb header_3_text_color=\u00bb#000000&#8243; header_3_font_size=\u00bb36px\u00bb header_3_letter_spacing=\u00bb6px\u00bb header_3_line_height=\u00bb1.3em\u00bb header_5_font=\u00bbOswald|||on|||||\u00bb header_5_text_color=\u00bbrgba(0,0,0,0.4)\u00bb header_5_font_size=\u00bb20px\u00bb header_5_letter_spacing=\u00bb3px\u00bb max_width_tablet=\u00bb\u00bb max_width_phone=\u00bb\u00bb max_width_last_edited=\u00bbon|phone\u00bb custom_margin_tablet=\u00bb|70px||70px\u00bb custom_margin_phone=\u00bb|50px||50px\u00bb custom_margin_last_edited=\u00bboff|desktop\u00bb text_line_height_last_edited=\u00bboff|desktop\u00bb]<\/p>\n<h5>El Jable Lanzarote<\/h5>\n<h3>Recolecci\u00f3n de basura y reciclaje<\/h3>\n<p>[\/et_pb_text][\/et_pb_column][\/et_pb_row][et_pb_row column_structure=\u00bb1_2,1_2&#8243; _builder_version=\u00bb4.4.1&#8243; custom_margin=\u00bb||||false|false\u00bb][et_pb_column type=\u00bb1_2&#8243; _builder_version=\u00bb4.3.3&#8243;][et_pb_text _builder_version=\u00bb4.4.3&#8243; text_font_size=\u00bb16px\u00bb header_2_font=\u00bbLora|700|||||||\u00bb header_2_font_size=\u00bb50px\u00bb header_2_line_height=\u00bb1.5em\u00bb header_4_font=\u00bb|700||on|||||\u00bb header_4_text_align=\u00bbcenter\u00bb header_4_text_color=\u00bb#432918&#8243; header_4_font_size=\u00bb14px\u00bb header_5_font=\u00bbKaushan Script|700|||||||\u00bb header_5_text_color=\u00bb#000000&#8243; header_5_font_size=\u00bb26px\u00bb max_width_tablet=\u00bb\u00bb max_width_phone=\u00bb\u00bb max_width_last_edited=\u00bbon|phone\u00bb custom_margin_tablet=\u00bb|70px||70px\u00bb custom_margin_phone=\u00bb|50px||50px\u00bb custom_margin_last_edited=\u00bboff|desktop\u00bb text_line_height_last_edited=\u00bboff|desktop\u00bb]<\/p>\n<p>A pesar de ser una zona alejada de los n\u00facleos urbanos y tur\u00edsticos, con apariencia de solitaria y poco intervenida, en El Jable podemos encontrar una gran cantidad de basura esparcida por los campos, vertidos incontrolados, pl\u00e1sticos y gran cantidad de latas y botellas a ambos lados de carreteras y caminos.<\/p>\n<p>A lo largo de los \u00faltimos a\u00f1os, en cada una de nuestras salidas, lamentablemente siempre nos encontramos con basura, tanto reciente -como la gran mayor\u00eda de la latas y botellas de cerveza que se encuentran a lo largo de las pistas y no tan recientes, como algunos vertidos incontrolados de vidrios enterrados en jable, con botellas y envases de hace m\u00e1s de 50 a\u00f1os. Como nosotros no podemos dejar de retirar esta basura, en todas las salidas siempre le dedicamos un tiempo a la limpieza de esta BASURALEZA.<\/p>\n<h4>\u00a0<\/h4>\n<h4>\u00a0<\/h4>\n<h4><span style=\"font-size: medium;\">Hasta la fecha hemos recolectado y reciclado <\/span><\/h4>\n<p>[\/et_pb_text][et_pb_number_counter title=\u00bbKg de residuos\u00bb number=\u00bb6.258&#8243; percent_sign=\u00bboff\u00bb disabled_on=\u00bboff|off|off\u00bb _builder_version=\u00bb4.4.3&#8243; title_font=\u00bb|700||on|||||\u00bb title_font_size=\u00bb25px\u00bb title_letter_spacing=\u00bb1px\u00bb title_line_height=\u00bb1.6em\u00bb number_font=\u00bbKaushan Script||||||||\u00bb number_text_color=\u00bb#384d24&#8243; number_font_size=\u00bb62px\u00bb locked=\u00bboff\u00bb]<br \/>\n[\/et_pb_number_counter][et_pb_gallery gallery_ids=\u00bb1188,1196,1198,1182,1194,1184,1186,1190,1192,1200&#8243; fullwidth=\u00bbon\u00bb admin_label=\u00bbcleaning gallery\u00bb _builder_version=\u00bb4.4.1&#8243; animation_style=\u00bbfade\u00bb auto=\u00bbon\u00bb auto_speed=\u00bb3000&#8243; scroll_scaling_enable=\u00bbon\u00bb animation_duration_tablet=\u00bb\u00bb animation_duration_phone=\u00bb\u00bb animation_duration_last_edited=\u00bbon|desktop\u00bb border_radii=\u00bbon|8px|8px|8px|8px\u00bb box_shadow_style=\u00bbpreset3&#8243; box_shadow_vertical=\u00bb13px\u00bb box_shadow_blur=\u00bb16px\u00bb box_shadow_spread=\u00bb-10px\u00bb box_shadow_color=\u00bb#384d24&#8243;][\/et_pb_gallery][\/et_pb_column][et_pb_column type=\u00bb1_2&#8243; _builder_version=\u00bb4.3.3&#8243;][et_pb_image src=\u00bbhttps:\/\/desertwatch.org\/wp-content\/uploads\/2020\/03\/conservation-cleaning-desert.jpg\u00bb align=\u00bbcenter\u00bb admin_label=\u00bbdesert litter\u00bb _builder_version=\u00bb4.4.1&#8243; module_alignment=\u00bbright\u00bb border_radii=\u00bbon|6px|6px|6px|6px\u00bb][\/et_pb_image][et_pb_text _builder_version=\u00bb4.4.3&#8243; text_font_size=\u00bb16px\u00bb header_2_font=\u00bbLora|700|||||||\u00bb header_2_font_size=\u00bb50px\u00bb header_2_line_height=\u00bb1.5em\u00bb header_3_line_height=\u00bb1.2em\u00bb header_5_font=\u00bbKaushan Script|700|||||||\u00bb header_5_text_color=\u00bb#000000&#8243; header_5_font_size=\u00bb26px\u00bb max_width_tablet=\u00bb\u00bb max_width_phone=\u00bb\u00bb max_width_last_edited=\u00bbon|phone\u00bb custom_margin_tablet=\u00bb|70px||70px\u00bb custom_margin_phone=\u00bb|50px||50px\u00bb custom_margin_last_edited=\u00bboff|desktop\u00bb text_line_height_last_edited=\u00bboff|desktop\u00bb]<\/p>\n<p>Mientras recolect\u00e1bamos estas botellas y latas, nos hemos ido encontrado con peque\u00f1os animales en su interior que se quedan atrapados e incluso muchas veces mueren. Lagartijas, perenquenes, musara\u00f1as, caracoles terrestres (Chuchangas) e\u00a0 insectos, en algunas ocasiones no pueden resistir el dulzor del l\u00edquido remanente en estos envases, otras veces solo buscan un refugio de las condiciones externas.<\/p>\n<h3>\u00a0<\/h3>\n<h3 style=\"text-align: center;\"><span style=\"font-size: x-large;\">Dependiendo de la posici\u00f3n, estos envases pueden comportarse como trampas mortales <\/span><\/h3>\n<p>[\/et_pb_text][et_pb_image src=\u00bbhttps:\/\/desertwatch.org\/wp-content\/uploads\/2020\/03\/lizard-lime.png\u00bb _builder_version=\u00bb4.4.2&#8243; width=\u00bb62%\u00bb][\/et_pb_image][\/et_pb_column][\/et_pb_row][\/et_pb_section][et_pb_section fb_built=\u00bb1&#8243; admin_label=\u00bbproject in a can\u00bb module_id=\u00bblata\u00bb _builder_version=\u00bb4.4.3&#8243; background_color=\u00bbrgba(163,166,111,0.34)\u00bb background_image=\u00bbhttps:\/\/desertwatch.org\/wp-content\/uploads\/2019\/09\/herb-trans3.png\u00bb custom_padding=\u00bb||54px|||\u00bb top_divider_style=\u00bbwaves2&#8243; top_divider_color=\u00bb#ffffff\u00bb top_divider_height=\u00bb62px\u00bb locked=\u00bboff\u00bb][et_pb_row admin_label=\u00bbproject lata\u00bb _builder_version=\u00bb4.4.1&#8243;][et_pb_column type=\u00bb4_4&#8243; _builder_version=\u00bb4.3.3&#8243;][et_pb_text _builder_version=\u00bb4.4.2&#8243; text_font=\u00bbLora||||||||\u00bb text_font_size=\u00bb18px\u00bb text_line_height=\u00bb2em\u00bb header_2_font=\u00bbLora|700|||||||\u00bb header_2_font_size=\u00bb50px\u00bb header_2_line_height=\u00bb1.5em\u00bb header_3_font=\u00bbMontserrat|700||on|||||\u00bb header_3_text_color=\u00bb#000000&#8243; header_3_font_size=\u00bb36px\u00bb header_3_letter_spacing=\u00bb6px\u00bb header_3_line_height=\u00bb1.3em\u00bb header_5_font=\u00bbOswald|||on|||||\u00bb header_5_text_color=\u00bbrgba(0,0,0,0.4)\u00bb header_5_font_size=\u00bb20px\u00bb header_5_letter_spacing=\u00bb3px\u00bb max_width_tablet=\u00bb\u00bb max_width_phone=\u00bb\u00bb max_width_last_edited=\u00bbon|phone\u00bb custom_margin_tablet=\u00bb|70px||70px\u00bb custom_margin_phone=\u00bb|50px||50px\u00bb custom_margin_last_edited=\u00bboff|desktop\u00bb text_line_height_last_edited=\u00bboff|desktop\u00bb]<\/p>\n<h5>protecci\u00f3n vida silvestre <\/h5>\n<h3>proyecto en lata<\/h3>\n<p>[\/et_pb_text][\/et_pb_column][\/et_pb_row][et_pb_row column_structure=\u00bb1_2,1_2&#8243; _builder_version=\u00bb4.3.3&#8243;][et_pb_column type=\u00bb1_2&#8243; _builder_version=\u00bb4.3.3&#8243;][et_pb_text _builder_version=\u00bb4.4.3&#8243; text_font_size=\u00bb16px\u00bb header_2_font=\u00bbLora|700|||||||\u00bb header_2_font_size=\u00bb50px\u00bb header_2_line_height=\u00bb1.5em\u00bb header_4_font=\u00bb|700||on|||||\u00bb header_4_text_align=\u00bbcenter\u00bb header_4_text_color=\u00bb#432918&#8243; header_4_font_size=\u00bb14px\u00bb header_5_font=\u00bbKaushan Script|700|||||||\u00bb header_5_text_color=\u00bb#000000&#8243; header_5_font_size=\u00bb26px\u00bb max_width_tablet=\u00bb\u00bb max_width_phone=\u00bb\u00bb max_width_last_edited=\u00bbon|phone\u00bb custom_margin_tablet=\u00bb|70px||70px\u00bb custom_margin_phone=\u00bb|50px||50px\u00bb custom_margin_last_edited=\u00bboff|desktop\u00bb text_line_height_last_edited=\u00bboff|desktop\u00bb]<\/p>\n<p>Mientras limpiamos y recolectamos la basura esparcida en El Jable, nos hemos dado de cuenta que hab\u00edan animales vivos dentro de algunos de los envases, y en otros casos estos animales estaban muertos. Tambi\u00e9n observamos que una gran cantidad de las latas recolectadas presentaban un agujero. Nos ha tomado un cierto tiempo el poder definir el origen de este hueco, y al final hemos descubierto que son los cuervos que han encontrado una excelente oportunidad de conseguir comida. Hemos podido observar como los cuervos al pillar una lata en el suelo, vuelan hasta la lata, realizan su peculiar baile y al acercarse a la lata la mueven con el pico y luego proceden a abrirla para capturar el animal atrapado en el interior, vivo o muerto. Hemos podido observar que hasta pueden volar con la lata en su pico.<\/p>\n<p>[\/et_pb_text][et_pb_gallery gallery_ids=\u00bb1228,1230,1222,1220,1224,1226&#8243; fullwidth=\u00bbon\u00bb admin_label=\u00bblata gallery\u00bb _builder_version=\u00bb4.4.1&#8243; animation_style=\u00bbfade\u00bb auto=\u00bbon\u00bb auto_speed=\u00bb3000&#8243; scroll_scaling_enable=\u00bbon\u00bb animation_duration_tablet=\u00bb\u00bb animation_duration_phone=\u00bb\u00bb animation_duration_last_edited=\u00bbon|desktop\u00bb border_radii=\u00bbon|8px|8px|8px|8px\u00bb][\/et_pb_gallery][et_pb_text _builder_version=\u00bb4.4.3&#8243; text_font_size=\u00bb16px\u00bb header_2_font=\u00bbLora|700|||||||\u00bb header_2_font_size=\u00bb50px\u00bb header_2_line_height=\u00bb1.5em\u00bb header_4_font=\u00bb|700||on|||||\u00bb header_4_text_align=\u00bbcenter\u00bb header_4_text_color=\u00bb#432918&#8243; header_4_font_size=\u00bb14px\u00bb header_5_font=\u00bbKaushan Script|700|||||||\u00bb header_5_text_color=\u00bb#000000&#8243; header_5_font_size=\u00bb26px\u00bb max_width_tablet=\u00bb\u00bb max_width_phone=\u00bb\u00bb max_width_last_edited=\u00bbon|phone\u00bb custom_margin_tablet=\u00bb|70px||70px\u00bb custom_margin_phone=\u00bb|50px||50px\u00bb custom_margin_last_edited=\u00bboff|desktop\u00bb text_line_height_last_edited=\u00bboff|desktop\u00bb]<\/p>\n<p>La Asociaci\u00f3n ha decidido poner en marcha el denominado PROYECTO EN LATA, en donde se ha dividido el \u00e1rea de El Jable en m\u00faltiples cuadr\u00edculas de 1.000 x 1.000 metros. Y se ha empezado la limpieza met\u00f3dica y sistem\u00e1tica de cada una de estas cuadr\u00edculas. Una vez finalizada una, avanzamos hacia la siguiente, y as\u00ed de forma ordenada se ir\u00e1n limpiando cada una de las cuadr\u00edculas, abarcando la totalidad del \u00e1rea.<\/p>\n<p>Durante la actividad se recoge cualquier tipo de basura, pero s\u00f3lo se registran los datos referentes a las latas y botellas. Para ello, utilizamos una aplicaci\u00f3n de georreferenciaci\u00f3n para registrar los datos del proyecto. En los datos que recolectamos anotamos la localizaci\u00f3n, si se trata de una lata o una botella, la marca comercial de la bebida, si hay o no animales dentro de los envases (vivos o muertos), y si presenta el agujero hecho por los cuervos. Adem\u00e1s, tomamos una fotograf\u00eda, y el nombre del voluntario que ha hecho la recogida de los envases y de los datos. Si hay alg\u00fan animal vivo, procedemos a su liberaci\u00f3n.<\/p>\n<p>[\/et_pb_text][\/et_pb_column][et_pb_column type=\u00bb1_2&#8243; _builder_version=\u00bb4.3.3&#8243;][et_pb_image src=\u00bbhttps:\/\/desertwatch.org\/wp-content\/uploads\/2020\/03\/project-lata-lanzarote.jpg\u00bb align=\u00bbcenter\u00bb admin_label=\u00bbraven with tropical can photo\u00bb _builder_version=\u00bb4.4.1&#8243; module_alignment=\u00bbright\u00bb border_radii=\u00bbon|6px|6px|6px|6px\u00bb][\/et_pb_image][et_pb_text _builder_version=\u00bb4.4.3&#8243; text_font_size=\u00bb16px\u00bb header_2_font=\u00bbLora|700|||||||\u00bb header_2_font_size=\u00bb50px\u00bb header_2_line_height=\u00bb1.5em\u00bb header_5_font=\u00bbKaushan Script|700|||||||\u00bb header_5_text_color=\u00bb#000000&#8243; header_5_font_size=\u00bb26px\u00bb max_width_tablet=\u00bb\u00bb max_width_phone=\u00bb\u00bb max_width_last_edited=\u00bbon|phone\u00bb custom_margin_tablet=\u00bb|70px||70px\u00bb custom_margin_phone=\u00bb|50px||50px\u00bb custom_margin_last_edited=\u00bboff|desktop\u00bb text_line_height_last_edited=\u00bboff|desktop\u00bb]<\/p>\n<p>Con este proyecto podemos aprender muchas cosas, como por ejemplo c\u00f3mo puede influir la basura que se tira en El Jable en la mortalidad de algunos animales peque\u00f1os o c\u00f3mo el cuervo cambia su conducta para conseguir la lata con alimento en su interior. Dentro de latas y botellas hemos encontrado muchos insectos muertos, la mayor\u00eda de ellos son de h\u00e1bitos nocturnos. Pero al igual que ocurre con muchas otras especies animales que habitan en El Jable, de estos insectos se sabe bien poco.<\/p>\n<p>En estos momentos dentro del marco de colaboraci\u00f3n entre la Asociaci\u00f3n Viento del Noreste y la Universidad de Chester de Reino Unido, una estudiante de m\u00e1ster en Conservaci\u00f3n Medioambiental est\u00e1 llevando a cabo una investigaci\u00f3n relacionada con el impacto sobre la conducta animal que genera la basura y otros desechos que son arrojados en El Jable. <span style=\"color: #ff6600;\"><strong><a style=\"color: #ff6600;\" href=\"https:\/\/desertwatch.org\/es\/scientific-research\/#chester\">Y leer m\u00e1s<\/a><\/strong><\/span><\/p>\n<p>Desde el a\u00f1o 2019, PROYECTO EN LATA ha sido seleccionado para ser apadrinado por el proyecto LIBERA,<strong> <a href=\"https:\/\/proyectolibera.org\/en\/\" target=\"_blank\" rel=\"noopener noreferrer\"><span style=\"color: #ff6600;\">que es una iniciativa de SEO\/BirdLife en alianza con Ecoembes, cuyo objetivo es evitar que se arroje m\u00e1s basura\u00a0 en nuestros espacios naturales.<\/span> <\/a><\/strong><\/p>\n<p>[\/et_pb_text][et_pb_text admin_label=\u00bbtext mod 3 logos\u00bb _builder_version=\u00bb4.4.2&#8243;]<\/p>\n<p><a href=\"https:\/\/proyectolibera.org\/en\/\" target=\"_blank\" rel=\"noopener noreferrer\"><img loading=\"lazy\" decoding=\"async\" class=\"wp-image-1055 alignnone \" src=\"https:\/\/desertwatch.org\/wp-content\/uploads\/2020\/03\/seo-birdlife.png\" alt=\"\" width=\"125\" height=\"78\" \/><\/a> \u00a0 \u00a0\u00a0 <a href=\"https:\/\/proyectolibera.org\/en\/\" target=\"_blank\" rel=\"noopener noreferrer\"><img loading=\"lazy\" decoding=\"async\" class=\"wp-image-1051 alignnone \" src=\"https:\/\/desertwatch.org\/wp-content\/uploads\/2020\/03\/ecoembes.png\" alt=\"\" width=\"154\" height=\"54\" \/><\/a> \u00a0\u00a0 <a href=\"https:\/\/proyectolibera.org\/en\/\" target=\"_blank\" rel=\"noopener noreferrer\"><img loading=\"lazy\" decoding=\"async\" class=\"wp-image-1053 alignnone \" src=\"https:\/\/desertwatch.org\/wp-content\/uploads\/2020\/03\/Libera-logo-300x112.png\" alt=\"\" width=\"166\" height=\"43\" \/><\/a><\/p>\n<p>[\/et_pb_text][et_pb_image src=\u00bbhttps:\/\/desertwatch.org\/wp-content\/uploads\/2020\/03\/lizard-800.png\u00bb _builder_version=\u00bb4.4.1&#8243; positioning=\u00bbrelative\u00bb position_origin_r=\u00bbtop_right\u00bb vertical_offset=\u00bb161px\u00bb horizontal_offset=\u00bb-198px\u00bb z_index=\u00bb-33&#8243; width=\u00bb56%\u00bb scroll_vertical_motion_enable=\u00bbon\u00bb scroll_vertical_motion=\u00bb0|32|32|100|-2|0|-3&#8243; scroll_horizontal_motion_enable=\u00bbon\u00bb scroll_scaling_enable=\u00bbon\u00bb scroll_scaling=\u00bb0|50|50|100|70|115%|100&#8243; scroll_rotating_enable=\u00bbon\u00bb scroll_rotating=\u00bb0|55|55|100|-50\u00b0|0\u00b0|0&#8243;][\/et_pb_image][\/et_pb_column][\/et_pb_row][\/et_pb_section][et_pb_section fb_built=\u00bb1&#8243; admin_label=\u00bbFooter Section\u00bb _builder_version=\u00bb4.4.1&#8243; background_color=\u00bb#262020&#8243; use_background_color_gradient=\u00bbon\u00bb background_color_gradient_start=\u00bbrgba(56,77,36,0.68)\u00bb background_color_gradient_end=\u00bbrgba(38,32,32,0)\u00bb background_color_gradient_start_position=\u00bb8%\u00bb background_color_gradient_end_position=\u00bb82%\u00bb background_color_gradient_overlays_image=\u00bbon\u00bb background_image=\u00bbhttps:\/\/desertwatch.org\/wp-content\/uploads\/2018\/07\/desert_watch-litter-collection.jpg\u00bb custom_padding=\u00bb81px|0px|81px|0px|true|false\u00bb top_divider_style=\u00bbramp\u00bb top_divider_color=\u00bb#e0e1ce\u00bb saved_tabs=\u00bball\u00bb][et_pb_row admin_label=\u00bbdonate\u00bb _builder_version=\u00bb4.4.3&#8243; custom_margin=\u00bb|||\u00bb custom_padding=\u00bb|||\u00bb animation_style=\u00bbzoom\u00bb animation_intensity_zoom=\u00bb5%\u00bb hover_enabled=\u00bb0&#8243;][et_pb_column type=\u00bb4_4&#8243; _builder_version=\u00bb3.25&#8243; custom_padding=\u00bb|||\u00bb custom_padding__hover=\u00bb|||\u00bb][et_pb_divider show_divider=\u00bboff\u00bb _builder_version=\u00bb4.4.1&#8243; min_height=\u00bb200px\u00bb][\/et_pb_divider][et_pb_blurb title=\u00bbHaz una donaci\u00f3n\u00bb image=\u00bbhttps:\/\/desertwatch.org\/wp-content\/uploads\/2018\/07\/donate.png\u00bb image_max_width=\u00bb64px\u00bb _builder_version=\u00bb4.4.3&#8243; header_font=\u00bbMontserrat|800||on|||||\u00bb header_text_align=\u00bbcenter\u00bb header_text_color=\u00bb#fff5e7&#8243; header_font_size=\u00bb30px\u00bb header_letter_spacing=\u00bb15px\u00bb header_line_height=\u00bb1.7em\u00bb body_font=\u00bbLora||||||||\u00bb body_font_size=\u00bb18px\u00bb body_line_height=\u00bb2em\u00bb text_orientation=\u00bbcenter\u00bb background_layout=\u00bbdark\u00bb custom_margin=\u00bb||0px|\u00bb animation_style=\u00bbfade\u00bb animation=\u00bboff\u00bb hover_enabled=\u00bb0&#8243; header_text_shadow_style=\u00bbpreset2&#8243; header_text_shadow_color=\u00bb#000000&#8243; locked=\u00bboff\u00bb][\/et_pb_blurb][et_pb_button button_url=\u00bbhttps:\/\/desertwatch.org\/donate-now\/\u00bb button_text=\u00bbDonar\u00bb button_alignment=\u00bbcenter\u00bb _builder_version=\u00bb4.4.3&#8243; custom_button=\u00bbon\u00bb button_text_size=\u00bb16px\u00bb button_text_color=\u00bb#ffffff\u00bb button_bg_color=\u00bb#000000&#8243; button_border_width=\u00bb15px\u00bb button_border_color=\u00bbrgba(210,159,104,0)\u00bb button_border_radius=\u00bb100px\u00bb button_letter_spacing=\u00bb3px\u00bb button_font=\u00bbOswald|||on|||||\u00bb button_use_icon=\u00bboff\u00bb button_border_radius_hover=\u00bb100px\u00bb button_bg_color_hover=\u00bb#d0b82b\u00bb locked=\u00bboff\u00bb button_text_size__hover_enabled=\u00bboff\u00bb button_one_text_size__hover_enabled=\u00bboff\u00bb button_two_text_size__hover_enabled=\u00bboff\u00bb button_text_color__hover_enabled=\u00bboff\u00bb button_one_text_color__hover_enabled=\u00bboff\u00bb button_two_text_color__hover_enabled=\u00bboff\u00bb button_border_width__hover_enabled=\u00bboff\u00bb button_one_border_width__hover_enabled=\u00bboff\u00bb button_two_border_width__hover_enabled=\u00bboff\u00bb button_border_color__hover_enabled=\u00bboff\u00bb button_one_border_color__hover_enabled=\u00bboff\u00bb button_two_border_color__hover_enabled=\u00bboff\u00bb button_border_radius__hover_enabled=\u00bbon\u00bb button_border_radius__hover=\u00bb100px\u00bb button_one_border_radius__hover_enabled=\u00bboff\u00bb button_two_border_radius__hover_enabled=\u00bboff\u00bb button_letter_spacing__hover_enabled=\u00bboff\u00bb button_one_letter_spacing__hover_enabled=\u00bboff\u00bb button_two_letter_spacing__hover_enabled=\u00bboff\u00bb button_bg_color__hover_enabled=\u00bbon\u00bb button_bg_color__hover=\u00bb#d0b82b\u00bb button_one_bg_color__hover_enabled=\u00bboff\u00bb button_two_bg_color__hover_enabled=\u00bboff\u00bb][\/et_pb_button][\/et_pb_column][\/et_pb_row][\/et_pb_section]<\/p>\n","protected":false},"excerpt":{"rendered":"<p>El Jable Lanzarote Recolecci\u00f3n de basura y reciclajeA pesar de ser una zona alejada de los n\u00facleos urbanos y tur\u00edsticos, con apariencia de solitaria y poco intervenida, en El Jable podemos encontrar una gran cantidad de basura esparcida por los campos, vertidos incontrolados, pl\u00e1sticos y gran cantidad de latas y botellas a ambos lados de [&hellip;]<\/p>\n","protected":false},"author":1,"featured_media":0,"parent":0,"menu_order":0,"comment_status":"closed","ping_status":"closed","template":"","meta":{"give_campaign_id":0,"_et_pb_use_builder":"on","_et_pb_old_content":"","_et_gb_content_width":"","footnotes":""},"class_list":["post-2241","page","type-page","status-publish","hentry"],"campaignId":"","_links":{"self":[{"href":"https:\/\/desertwatch.org\/es\/wp-json\/wp\/v2\/pages\/2241","targetHints":{"allow":["GET"]}}],"collection":[{"href":"https:\/\/desertwatch.org\/es\/wp-json\/wp\/v2\/pages"}],"about":[{"href":"https:\/\/desertwatch.org\/es\/wp-json\/wp\/v2\/types\/page"}],"author":[{"embeddable":true,"href":"https:\/\/desertwatch.org\/es\/wp-json\/wp\/v2\/users\/1"}],"replies":[{"embeddable":true,"href":"https:\/\/desertwatch.org\/es\/wp-json\/wp\/v2\/comments?post=2241"}],"version-history":[{"count":0,"href":"https:\/\/desertwatch.org\/es\/wp-json\/wp\/v2\/pages\/2241\/revisions"}],"wp:attachment":[{"href":"https:\/\/desertwatch.org\/es\/wp-json\/wp\/v2\/media?parent=2241"}],"curies":[{"name":"wp","href":"https:\/\/api.w.org\/{rel}","templated":true}]}}