{"id":2158,"date":"2020-03-25T17:32:23","date_gmt":"2020-03-25T17:32:23","guid":{"rendered":"http:\/\/desertwatch.org\/field-trips-for-school-children\/"},"modified":"2020-04-25T13:07:44","modified_gmt":"2020-04-25T13:07:44","slug":"field-trips-for-school-children","status":"publish","type":"page","link":"https:\/\/desertwatch.org\/es\/field-trips-for-school-children\/","title":{"rendered":"Salidas de campo con escolares"},"content":{"rendered":"<p>[et_pb_section fb_built=\u00bb1&#8243; fullwidth=\u00bbon\u00bb next_background_color=\u00bb#ffffff\u00bb admin_label=\u00bbHeader Section\u00bb _builder_version=\u00bb3.22&#8243; background_color=\u00bb#8e7964&#8243; bottom_divider_style=\u00bbramp\u00bb bottom_divider_flip=\u00bbhorizontal\u00bb][et_pb_fullwidth_header title=\u00bbConcienciaci\u00f3n\u00bb subhead=\u00bbSalidas de campo con escolares\u00bb text_orientation=\u00bbcenter\u00bb _builder_version=\u00bb4.4.3&#8243; title_font=\u00bbOswald|||on|||||\u00bb title_text_color=\u00bb#fff5e7&#8243; title_font_size=\u00bb20px\u00bb title_letter_spacing=\u00bb3px\u00bb title_line_height=\u00bb1.5em\u00bb content_font=\u00bbLora||||||||\u00bb content_font_size=\u00bb22px\u00bb content_line_height=\u00bb2em\u00bb subhead_font=\u00bbMontserrat|700||on|||||\u00bb subhead_text_color=\u00bb#fff5e7&#8243; subhead_font_size=\u00bb60px\u00bb subhead_letter_spacing=\u00bb8px\u00bb subhead_line_height=\u00bb1.5em\u00bb background_color=\u00bbrgba(255,255,255,0)\u00bb background_image=\u00bbhttps:\/\/desertwatch.org\/wp-content\/uploads\/2020\/02\/dw-awareness-head.jpg\u00bb custom_button_one=\u00bbon\u00bb button_one_text_size=\u00bb16px\u00bb button_one_text_color=\u00bb#ffffff\u00bb button_one_bg_color=\u00bb#d29f68&#8243; button_one_border_width=\u00bb15px\u00bb button_one_border_color=\u00bbrgba(210,159,104,0)\u00bb button_one_border_radius=\u00bb100px\u00bb button_one_letter_spacing=\u00bb3px\u00bb button_one_font=\u00bbOswald|||on|||||\u00bb button_one_use_icon=\u00bboff\u00bb custom_button_two=\u00bbon\u00bb button_two_text_size=\u00bb16px\u00bb button_two_text_color=\u00bb#ffffff\u00bb button_two_bg_color=\u00bbrgba(255,255,255,0.35)\u00bb button_two_border_width=\u00bb15px\u00bb button_two_border_color=\u00bbrgba(0,0,0,0)\u00bb button_two_border_radius=\u00bb100px\u00bb button_two_letter_spacing=\u00bb3px\u00bb button_two_font=\u00bbOswald|||on|||||\u00bb button_two_use_icon=\u00bboff\u00bb custom_margin=\u00bb|||\u00bb custom_padding=\u00bb90px||90px||true\u00bb animation_style=\u00bbzoom\u00bb animation_duration=\u00bb2000ms\u00bb animation_intensity_zoom=\u00bb4%\u00bb hover_enabled=\u00bb0&#8243; subhead_font_size_tablet=\u00bb\u00bb subhead_font_size_phone=\u00bb50px\u00bb subhead_font_size_last_edited=\u00bbon|desktop\u00bb background_last_edited=\u00bbon|desktop\u00bb background_size_tablet=\u00bbcover\u00bb text_shadow_style=\u00bbpreset1&#8243; button_one_border_radius_hover=\u00bb100px\u00bb button_one_bg_color_hover=\u00bb#cc8d66&#8243; button_two_bg_color_hover=\u00bb#d29f68&#8243; button_one_text_size__hover_enabled=\u00bboff\u00bb button_two_text_size__hover_enabled=\u00bboff\u00bb button_one_text_color__hover_enabled=\u00bboff\u00bb button_two_text_color__hover_enabled=\u00bboff\u00bb button_one_border_width__hover_enabled=\u00bboff\u00bb button_two_border_width__hover_enabled=\u00bboff\u00bb button_one_border_color__hover_enabled=\u00bboff\u00bb button_two_border_color__hover_enabled=\u00bboff\u00bb button_one_border_radius__hover_enabled=\u00bbon\u00bb button_one_border_radius__hover=\u00bb100px\u00bb button_two_border_radius__hover_enabled=\u00bboff\u00bb button_one_letter_spacing__hover_enabled=\u00bboff\u00bb button_two_letter_spacing__hover_enabled=\u00bboff\u00bb button_one_bg_color__hover_enabled=\u00bbon\u00bb button_one_bg_color__hover=\u00bb#cc8d66&#8243; button_two_bg_color__hover_enabled=\u00bbon\u00bb button_two_bg_color__hover=\u00bb#d29f68&#8243;][\/et_pb_fullwidth_header][\/et_pb_section][et_pb_section fb_built=\u00bb1&#8243; admin_label=\u00bbfield days\u00bb _builder_version=\u00bb4.4.1&#8243; background_image=\u00bbhttps:\/\/desertwatch.org\/wp-content\/uploads\/2019\/09\/herb-trans2.png\u00bb][et_pb_row admin_label=\u00bbEducation field days\u00bb _builder_version=\u00bb4.3.4&#8243;][et_pb_column type=\u00bb4_4&#8243; _builder_version=\u00bb4.3.3&#8243;][et_pb_text _builder_version=\u00bb4.4.3&#8243; text_font=\u00bbLora||||||||\u00bb text_font_size=\u00bb18px\u00bb text_line_height=\u00bb2em\u00bb header_2_font=\u00bbLora|700|||||||\u00bb header_2_font_size=\u00bb50px\u00bb header_2_line_height=\u00bb1.5em\u00bb header_3_font=\u00bbMontserrat|700||on|||||\u00bb header_3_text_color=\u00bb#000000&#8243; header_3_font_size=\u00bb36px\u00bb header_3_letter_spacing=\u00bb6px\u00bb header_3_line_height=\u00bb1.3em\u00bb header_5_font=\u00bbOswald|||on|||||\u00bb header_5_text_color=\u00bbrgba(0,0,0,0.4)\u00bb header_5_font_size=\u00bb20px\u00bb header_5_letter_spacing=\u00bb3px\u00bb max_width_tablet=\u00bb\u00bb max_width_phone=\u00bb\u00bb max_width_last_edited=\u00bbon|phone\u00bb custom_margin_tablet=\u00bb|70px||70px\u00bb custom_margin_phone=\u00bb|50px||50px\u00bb custom_margin_last_edited=\u00bboff|desktop\u00bb hover_enabled=\u00bb0&#8243; text_line_height_last_edited=\u00bboff|desktop\u00bb]<\/p>\n<h5>Educaci\u00f3n<\/h5>\n<h3>Salidas de campo para crear conciencia<\/h3>\n<p>[\/et_pb_text][\/et_pb_column][\/et_pb_row][et_pb_row column_structure=\u00bb1_2,1_2&#8243; _builder_version=\u00bb4.3.3&#8243;][et_pb_column type=\u00bb1_2&#8243; _builder_version=\u00bb4.3.3&#8243;][et_pb_text _builder_version=\u00bb4.4.3&#8243; text_font_size=\u00bb16px\u00bb text_line_height=\u00bb2em\u00bb header_2_font=\u00bbLora|700|||||||\u00bb header_2_font_size=\u00bb50px\u00bb header_2_line_height=\u00bb1.5em\u00bb header_5_font=\u00bbKaushan Script|700|||||||\u00bb header_5_text_color=\u00bb#000000&#8243; header_5_font_size=\u00bb26px\u00bb max_width_tablet=\u00bb\u00bb max_width_phone=\u00bb\u00bb max_width_last_edited=\u00bbon|phone\u00bb custom_margin_tablet=\u00bb|70px||70px\u00bb custom_margin_phone=\u00bb|50px||50px\u00bb custom_margin_last_edited=\u00bboff|desktop\u00bb text_line_height_last_edited=\u00bboff|desktop\u00bb]Este programa representa una de las actividades de concienciaci\u00f3n m\u00e1s importante que estamos realizando. Es sorprendente que en una isla relativamente peque\u00f1a como lo es Lanzarote, muchos escolares conozcan muy poco de\u00a0 la flora y fauna local, y sobre las consecuencias negativas de la actuaci\u00f3n humana en el h\u00e1bitat natural.[\/et_pb_text][et_pb_gallery gallery_ids=\u00bb702,704,706,708,710,712&#8243; fullwidth=\u00bbon\u00bb admin_label=\u00bbdesert watch school project\u00bb _builder_version=\u00bb4.4.1&#8243; auto=\u00bbon\u00bb auto_speed=\u00bb1000&#8243; scroll_scaling_enable=\u00bbon\u00bb border_radii=\u00bbon|8px|8px|8px|8px\u00bb box_shadow_style=\u00bbpreset3&#8243; box_shadow_vertical=\u00bb7px\u00bb box_shadow_color=\u00bb#384d24&#8243; transform_styles__hover_enabled=\u00bbon|hover\u00bb transform_scale__hover_enabled=\u00bbon|hover\u00bb transform_translate__hover_enabled=\u00bbon|desktop\u00bb transform_rotate__hover_enabled=\u00bbon|desktop\u00bb transform_skew__hover_enabled=\u00bbon|desktop\u00bb transform_origin__hover_enabled=\u00bbon|desktop\u00bb transform_scale__hover=\u00bb110%|110%\u00bb][\/et_pb_gallery][et_pb_text _builder_version=\u00bb4.4.3&#8243; text_font_size=\u00bb16px\u00bb text_line_height=\u00bb2em\u00bb header_2_font=\u00bbLora|700|||||||\u00bb header_2_font_size=\u00bb50px\u00bb header_2_line_height=\u00bb1.5em\u00bb header_5_font=\u00bbKaushan Script|700|||||||\u00bb header_5_text_align=\u00bbcenter\u00bb header_5_text_color=\u00bb#432918&#8243; header_5_font_size=\u00bb32px\u00bb header_5_line_height=\u00bb1.2em\u00bb max_width_tablet=\u00bb\u00bb max_width_phone=\u00bb\u00bb max_width_last_edited=\u00bbon|phone\u00bb custom_margin_tablet=\u00bb|70px||70px\u00bb custom_margin_phone=\u00bb|50px||50px\u00bb custom_margin_last_edited=\u00bboff|desktop\u00bb text_line_height_last_edited=\u00bboff|desktop\u00bb]<\/p>\n<p>Siendo conscientes de que las ni\u00f1as y los ni\u00f1os son el futuro, estamos comprometidos con la labor de captar su atenci\u00f3n sobre la importancia de conservar el medio ambiente y la necesidad de que ellos mismos lleguen a convertirse en los defensores de la naturaleza y del entorno que les rodea.<\/p>\n<p>[\/et_pb_text][\/et_pb_column][et_pb_column type=\u00bb1_2&#8243; _builder_version=\u00bb4.3.3&#8243;][et_pb_text _builder_version=\u00bb4.4.3&#8243; text_font_size=\u00bb16px\u00bb text_line_height=\u00bb2em\u00bb header_2_font=\u00bbLora|700|||||||\u00bb header_2_font_size=\u00bb50px\u00bb header_2_line_height=\u00bb1.5em\u00bb header_5_font=\u00bbKaushan Script|700|||||||\u00bb header_5_text_color=\u00bb#000000&#8243; header_5_font_size=\u00bb26px\u00bb max_width_tablet=\u00bb\u00bb max_width_phone=\u00bb\u00bb max_width_last_edited=\u00bbon|phone\u00bb custom_margin_tablet=\u00bb|70px||70px\u00bb custom_margin_phone=\u00bb|50px||50px\u00bb custom_margin_last_edited=\u00bboff|desktop\u00bb text_line_height_last_edited=\u00bboff|desktop\u00bb]<\/p>\n<p>La actividad que les ofrecemos comienza con una animada conferencia, en la que hablamos sobre los or\u00edgenes geol\u00f3gicos y los valores biol\u00f3gicos de El Jable. Luego procedemos con la visita al campo, que dividimos en tres partes: avistamiento de aves desde veh\u00edculos 4&#215;4; visita a una finca ecol\u00f3gica de secano, con explicaci\u00f3n sobre el terreno de un agricultor de la zona,\u00a0 y por \u00faltimo, recogida de basura y desechos para su posterior traslado a un punto de recogida.<\/p>\n<p>Este mismo tipo de actividad la hemos realizado con diferentes grupos de adultos y colectivos sociales que se han interesado en conocer este h\u00e1bitat semides\u00e9rtico, que muchos visitan por primera vez y a otros les invade de recuerdos.<br \/><a href=\"https:\/\/desertwatch.org\/collaborate\/\"><strong>Si est\u00e1s interesado en saber m\u00e1s de nuestras salidas no dudes en ponerte en contacto con nosotros.<\/strong><\/a><\/p>\n<p>[\/et_pb_text][et_pb_image src=\u00bbhttps:\/\/desertwatch.org\/wp-content\/uploads\/2020\/03\/falcon_in_flight-800.png\u00bb admin_label=\u00bbmoving image photo\u00bb _builder_version=\u00bb4.4.1&#8243; scroll_vertical_motion_enable=\u00bbon\u00bb scroll_vertical_motion=\u00bb0|20|20|100|4|0|-4&#8243; scroll_horizontal_motion_enable=\u00bbon\u00bb scroll_horizontal_motion=\u00bb0|56|56|100|4|0|-4&#8243; scroll_scaling_enable=\u00bbon\u00bb scroll_scaling=\u00bb0|73|73|100|100%|70%|50%\u00bb scroll_rotating_enable=\u00bbon\u00bb scroll_rotating=\u00bb0|25|25|100|0\u00b0|-10\u00b0|-60\u00b0\u00bb scroll_blur_enable=\u00bbon\u00bb scroll_blur=\u00bb0|68|84|100|0px|1px|5px\u00bb][\/et_pb_image][\/et_pb_column][\/et_pb_row][\/et_pb_section][et_pb_section fb_built=\u00bb1&#8243; admin_label=\u00bbroots shoots\u00bb _builder_version=\u00bb4.4.1&#8243; background_image=\u00bbhttps:\/\/desertwatch.org\/wp-content\/uploads\/2019\/09\/herb-trans1.png\u00bb locked=\u00bboff\u00bb][et_pb_row admin_label=\u00bbroots and shoots\u00bb _builder_version=\u00bb4.3.4&#8243; min_height=\u00bb324px\u00bb custom_margin=\u00bb-70px|auto||auto||\u00bb][et_pb_column type=\u00bb4_4&#8243; _builder_version=\u00bb4.3.3&#8243;][et_pb_image src=\u00bbhttps:\/\/desertwatch.org\/wp-content\/uploads\/2020\/03\/roots-shoots.png\u00bb align=\u00bbright\u00bb _builder_version=\u00bb4.3.4&#8243; width=\u00bb28%\u00bb width_tablet=\u00bb38%\u00bb width_phone=\u00bb57%\u00bb width_last_edited=\u00bbon|desktop\u00bb custom_margin=\u00bb0px||0px||false|false\u00bb custom_margin_tablet=\u00bb\u00bb custom_margin_phone=\u00bb\u00bb custom_margin_last_edited=\u00bbon|desktop\u00bb][\/et_pb_image][et_pb_image src=\u00bbhttps:\/\/desertwatch.org\/wp-content\/uploads\/2020\/03\/falcon-lime.png\u00bb align=\u00bbright\u00bb admin_label=\u00bbmoving bird\u00bb _builder_version=\u00bb4.4.1&#8243; width=\u00bb28%\u00bb width_tablet=\u00bb38%\u00bb width_phone=\u00bb57%\u00bb width_last_edited=\u00bbon|desktop\u00bb custom_margin=\u00bb0px||0px||false|false\u00bb custom_margin_tablet=\u00bb\u00bb custom_margin_phone=\u00bb\u00bb custom_margin_last_edited=\u00bbon|desktop\u00bb scroll_vertical_motion_enable=\u00bbon\u00bb scroll_horizontal_motion_enable=\u00bbon\u00bb scroll_horizontal_motion=\u00bb0|50|50|100|4|0|-10&#8243; scroll_rotating_enable=\u00bbon\u00bb scroll_rotating=\u00bb0|45|45|100|-180\u00b0|0\u00b0|10\u00b0\u00bb][\/et_pb_image][et_pb_text _builder_version=\u00bb4.4.3&#8243; text_font=\u00bbLora||||||||\u00bb text_font_size=\u00bb18px\u00bb text_line_height=\u00bb2em\u00bb header_2_font=\u00bbLora|700|||||||\u00bb header_2_font_size=\u00bb50px\u00bb header_2_line_height=\u00bb1.5em\u00bb header_3_font=\u00bbMontserrat|700||on|||||\u00bb header_3_text_color=\u00bb#000000&#8243; header_3_font_size=\u00bb36px\u00bb header_3_letter_spacing=\u00bb6px\u00bb header_3_line_height=\u00bb1.3em\u00bb header_5_font=\u00bbOswald|||on|||||\u00bb header_5_text_color=\u00bbrgba(0,0,0,0.4)\u00bb header_5_font_size=\u00bb20px\u00bb header_5_letter_spacing=\u00bb3px\u00bb max_width_tablet=\u00bb\u00bb max_width_phone=\u00bb\u00bb max_width_last_edited=\u00bbon|phone\u00bb custom_margin=\u00bb-24px|||||\u00bb custom_margin_tablet=\u00bb|70px||70px\u00bb custom_margin_phone=\u00bb|50px||50px\u00bb custom_margin_last_edited=\u00bboff|desktop\u00bb hover_enabled=\u00bb0&#8243; text_line_height_last_edited=\u00bboff|desktop\u00bb]<\/p>\n<h5>Instituto Jane Goodall<\/h5>\n<h3>PROGRAMA EDUCATIVO RA\u00cdCES Y BROTES<\/h3>\n<p>[\/et_pb_text][\/et_pb_column][\/et_pb_row][et_pb_row column_structure=\u00bb1_2,1_2&#8243; _builder_version=\u00bb4.3.3&#8243;][et_pb_column type=\u00bb1_2&#8243; _builder_version=\u00bb4.3.3&#8243;][et_pb_text _builder_version=\u00bb4.4.3&#8243; text_font_size=\u00bb16px\u00bb text_line_height=\u00bb2em\u00bb header_2_font=\u00bbLora|700|||||||\u00bb header_2_font_size=\u00bb50px\u00bb header_2_line_height=\u00bb1.5em\u00bb header_5_font=\u00bbKaushan Script|700|||||||\u00bb header_5_text_color=\u00bb#000000&#8243; header_5_font_size=\u00bb26px\u00bb max_width_tablet=\u00bb\u00bb max_width_phone=\u00bb\u00bb max_width_last_edited=\u00bbon|phone\u00bb custom_margin_tablet=\u00bb|70px||70px\u00bb custom_margin_phone=\u00bb|50px||50px\u00bb custom_margin_last_edited=\u00bboff|desktop\u00bb text_line_height_last_edited=\u00bboff|desktop\u00bb]<\/p>\n<p>Nuestra Asociaci\u00f3n est\u00e1 muy orgullosa de ser parte del programa educativo\u00a0 Ra\u00edces y Brotes (Roots&amp;Shoots), del Instituto Jane Goodall, que en la actualidad cuenta con alrededor de 700.000 integrantes en m\u00e1s de 50\u00a0pa\u00edses. Juntos, j\u00f3venes de todas las edades llevan a cabo proyectos de aprendizaje que fomentan el\u00a0respeto y la\u00a0empat\u00eda por todos los seres vivos, que promueven el\u00a0entendimiento entre todas las culturas y creencias\u00a0y que motivan a cada individuo a actuar para\u00a0hacer del mundo un lugar mejor para todos.<\/p>\n<p>[\/et_pb_text][et_pb_gallery gallery_ids=\u00bb967,981,983&#8243; fullwidth=\u00bbon\u00bb admin_label=\u00bbroots shoots gallery\u00bb _builder_version=\u00bb4.4.1&#8243; animation_style=\u00bbfold\u00bb animation_speed_curve=\u00bbease-in\u00bb auto=\u00bbon\u00bb auto_speed=\u00bb3000&#8243; scroll_scaling_enable=\u00bbon\u00bb animation_duration_tablet=\u00bb\u00bb animation_duration_phone=\u00bb\u00bb animation_duration_last_edited=\u00bbon|desktop\u00bb border_radii=\u00bbon|8px|8px|8px|8px\u00bb box_shadow_style=\u00bbpreset3&#8243; box_shadow_vertical=\u00bb9px\u00bb box_shadow_blur=\u00bb14px\u00bb box_shadow_spread=\u00bb-9px\u00bb box_shadow_color=\u00bb#384d24&#8243; transform_styles__hover_enabled=\u00bbon|hover\u00bb transform_scale__hover_enabled=\u00bbon|hover\u00bb transform_translate__hover_enabled=\u00bbon|desktop\u00bb transform_rotate__hover_enabled=\u00bbon|desktop\u00bb transform_skew__hover_enabled=\u00bbon|desktop\u00bb transform_origin__hover_enabled=\u00bbon|desktop\u00bb transform_scale__hover=\u00bb104%|104%\u00bb][\/et_pb_gallery][\/et_pb_column][et_pb_column type=\u00bb1_2&#8243; _builder_version=\u00bb4.3.3&#8243;][et_pb_image src=\u00bbhttps:\/\/desertwatch.org\/wp-content\/uploads\/2020\/03\/rootsshootscertificate.jpg\u00bb align=\u00bbcenter\u00bb admin_label=\u00bbroots shoots certificate photo\u00bb _builder_version=\u00bb4.3.4&#8243; transform_rotate=\u00bb0deg|0deg|3deg\u00bb module_alignment=\u00bbright\u00bb][\/et_pb_image][et_pb_text _builder_version=\u00bb4.4.3&#8243; text_font_size=\u00bb16px\u00bb text_line_height=\u00bb2em\u00bb header_2_font=\u00bbLora|700|||||||\u00bb header_2_font_size=\u00bb50px\u00bb header_2_line_height=\u00bb1.5em\u00bb header_5_font=\u00bbKaushan Script|700|||||||\u00bb header_5_text_color=\u00bb#000000&#8243; header_5_font_size=\u00bb26px\u00bb max_width_tablet=\u00bb\u00bb max_width_phone=\u00bb\u00bb max_width_last_edited=\u00bbon|phone\u00bb custom_margin_tablet=\u00bb|70px||70px\u00bb custom_margin_phone=\u00bb|50px||50px\u00bb custom_margin_last_edited=\u00bboff|desktop\u00bb text_line_height_last_edited=\u00bboff|desktop\u00bb]<\/p>\n<p>Fundado por la propia Dra. Jane Goodall en el a\u00f1o 1977, tiene presencia en Espa\u00f1a desde octubre de 2006. <strong><a href=\"https:\/\/janegoodall.es\/es\/grupo.html\" target=\"_blank\" rel=\"noopener noreferrer\">Roots &amp; Shoots<\/a><\/strong><\/p>\n<p>[\/et_pb_text][\/et_pb_column][\/et_pb_row][\/et_pb_section][et_pb_section fb_built=\u00bb1&#8243; admin_label=\u00bbfoot\u00bb _builder_version=\u00bb4.4.1&#8243; background_image=\u00bbhttps:\/\/desertwatch.org\/wp-content\/uploads\/2020\/03\/kids-group-village.jpg\u00bb custom_padding=\u00bb80px|0px|80px|0px|true|false\u00bb top_divider_style=\u00bbcurve\u00bb top_divider_color=\u00bb#ffffff\u00bb top_divider_height=\u00bb60px\u00bb top_divider_flip=\u00bbvertical\u00bb locked=\u00bboff\u00bb][et_pb_row _builder_version=\u00bb3.25&#8243;][et_pb_column type=\u00bb4_4&#8243; _builder_version=\u00bb3.25&#8243; custom_padding=\u00bb|||\u00bb custom_padding__hover=\u00bb|||\u00bb][et_pb_divider show_divider=\u00bboff\u00bb _builder_version=\u00bb4.4.1&#8243; height=\u00bb150px\u00bb][\/et_pb_divider][et_pb_blurb title=\u00bbHacer una donaci\u00f3n\u00bb image=\u00bbhttps:\/\/desertwatch.org\/wp-content\/uploads\/2018\/07\/donate.png\u00bb image_max_width=\u00bb64px\u00bb _builder_version=\u00bb4.4.2&#8243; header_font=\u00bbMontserrat|800||on|||||\u00bb header_text_align=\u00bbcenter\u00bb header_text_color=\u00bb#fff5e7&#8243; header_font_size=\u00bb30px\u00bb header_letter_spacing=\u00bb15px\u00bb header_line_height=\u00bb1.7em\u00bb body_font=\u00bbLora||||||||\u00bb body_font_size=\u00bb18px\u00bb body_line_height=\u00bb2em\u00bb text_orientation=\u00bbcenter\u00bb background_layout=\u00bbdark\u00bb custom_margin=\u00bb||0px|\u00bb animation_style=\u00bbfade\u00bb animation=\u00bboff\u00bb header_text_shadow_style=\u00bbpreset2&#8243; header_text_shadow_color=\u00bb#000000&#8243;][\/et_pb_blurb][et_pb_button button_url=\u00bbhttps:\/\/desertwatch.org\/es\/donate-now\/\u00bb button_text=\u00bbDonar\u00bb button_alignment=\u00bbcenter\u00bb _builder_version=\u00bb4.4.2&#8243; custom_button=\u00bbon\u00bb button_text_size=\u00bb16px\u00bb button_text_color=\u00bb#ffffff\u00bb button_bg_color=\u00bb#000000&#8243; button_border_width=\u00bb15px\u00bb button_border_color=\u00bbrgba(210,159,104,0)\u00bb button_border_radius=\u00bb100px\u00bb button_letter_spacing=\u00bb3px\u00bb button_font=\u00bbOswald|||on|||||\u00bb button_use_icon=\u00bboff\u00bb button_border_radius_hover=\u00bb100px\u00bb button_bg_color_hover=\u00bb#d0b82b\u00bb locked=\u00bboff\u00bb button_text_size__hover_enabled=\u00bboff\u00bb button_one_text_size__hover_enabled=\u00bboff\u00bb button_two_text_size__hover_enabled=\u00bboff\u00bb button_text_color__hover_enabled=\u00bboff\u00bb button_one_text_color__hover_enabled=\u00bboff\u00bb button_two_text_color__hover_enabled=\u00bboff\u00bb button_border_width__hover_enabled=\u00bboff\u00bb button_one_border_width__hover_enabled=\u00bboff\u00bb button_two_border_width__hover_enabled=\u00bboff\u00bb button_border_color__hover_enabled=\u00bboff\u00bb button_one_border_color__hover_enabled=\u00bboff\u00bb button_two_border_color__hover_enabled=\u00bboff\u00bb button_border_radius__hover_enabled=\u00bbon\u00bb button_border_radius__hover=\u00bb100px\u00bb button_one_border_radius__hover_enabled=\u00bboff\u00bb button_two_border_radius__hover_enabled=\u00bboff\u00bb button_letter_spacing__hover_enabled=\u00bboff\u00bb button_one_letter_spacing__hover_enabled=\u00bboff\u00bb button_two_letter_spacing__hover_enabled=\u00bboff\u00bb button_bg_color__hover_enabled=\u00bbon\u00bb button_bg_color__hover=\u00bb#d0b82b\u00bb button_one_bg_color__hover_enabled=\u00bboff\u00bb button_two_bg_color__hover_enabled=\u00bboff\u00bb][\/et_pb_button][\/et_pb_column][\/et_pb_row][\/et_pb_section]<\/p>\n","protected":false},"excerpt":{"rendered":"<p>Educaci\u00f3n Salidas de campo para crear conciencia Este programa representa una de las actividades de concienciaci\u00f3n m\u00e1s importante que estamos realizando. Es sorprendente que en una isla relativamente peque\u00f1a como lo es Lanzarote, muchos escolares conozcan muy poco de\u00a0 la flora y fauna local, y sobre las consecuencias negativas de la actuaci\u00f3n humana en el [&hellip;]<\/p>\n","protected":false},"author":1,"featured_media":0,"parent":0,"menu_order":0,"comment_status":"closed","ping_status":"closed","template":"","meta":{"give_campaign_id":0,"_et_pb_use_builder":"on","_et_pb_old_content":"","_et_gb_content_width":"","footnotes":""},"class_list":["post-2158","page","type-page","status-publish","hentry"],"campaignId":"","_links":{"self":[{"href":"https:\/\/desertwatch.org\/es\/wp-json\/wp\/v2\/pages\/2158","targetHints":{"allow":["GET"]}}],"collection":[{"href":"https:\/\/desertwatch.org\/es\/wp-json\/wp\/v2\/pages"}],"about":[{"href":"https:\/\/desertwatch.org\/es\/wp-json\/wp\/v2\/types\/page"}],"author":[{"embeddable":true,"href":"https:\/\/desertwatch.org\/es\/wp-json\/wp\/v2\/users\/1"}],"replies":[{"embeddable":true,"href":"https:\/\/desertwatch.org\/es\/wp-json\/wp\/v2\/comments?post=2158"}],"version-history":[{"count":0,"href":"https:\/\/desertwatch.org\/es\/wp-json\/wp\/v2\/pages\/2158\/revisions"}],"wp:attachment":[{"href":"https:\/\/desertwatch.org\/es\/wp-json\/wp\/v2\/media?parent=2158"}],"curies":[{"name":"wp","href":"https:\/\/api.w.org\/{rel}","templated":true}]}}